{"id":110934,"date":"2023-07-28T12:42:18","date_gmt":"2023-07-28T10:42:18","guid":{"rendered":"https:\/\/alboreaflamenco.com\/condiciones-generales-de-contratacion\/"},"modified":"2025-09-29T10:12:42","modified_gmt":"2025-09-29T08:12:42","slug":"condiciones-generales-de-venta","status":"publish","type":"page","link":"https:\/\/alboreaflamenco.com\/en\/condiciones-generales-de-venta\/","title":{"rendered":"Condiciones generales de venta"},"content":{"rendered":"\t\t<div data-elementor-type=\"wp-page\" data-elementor-id=\"110934\" class=\"elementor elementor-110934 elementor-109678\" data-elementor-post-type=\"page\">\n\t\t\t\t\t\t<section class=\"elementor-section elementor-top-section elementor-element elementor-element-606d9a5 elementor-section-boxed elementor-section-height-default elementor-section-height-default\" data-id=\"606d9a5\" data-element_type=\"section\">\n\t\t\t\t\t\t<div class=\"elementor-container elementor-column-gap-default\">\n\t\t\t\t\t<div class=\"elementor-column elementor-col-100 elementor-top-column elementor-element elementor-element-ebc37c3\" data-id=\"ebc37c3\" data-element_type=\"column\">\n\t\t\t<div class=\"elementor-widget-wrap elementor-element-populated\">\n\t\t\t\t\t\t<div class=\"elementor-element elementor-element-97fa8ea elementor-widget elementor-widget-text-editor\" data-id=\"97fa8ea\" data-element_type=\"widget\" data-widget_type=\"text-editor.default\">\n\t\t\t\t<div class=\"elementor-widget-container\">\n\t\t\t\t\t\t\t\t\t<h1>Condiciones generales de venta<\/h1><div class=\"page\" title=\"Page 1\"><div class=\"layoutArea\"><div class=\"column\"><div class=\"page\" title=\"Page 2\"><div class=\"layoutArea\"><div class=\"column\"><div class=\"page\" title=\"Page 3\"><div class=\"layoutArea\"><div class=\"column\"><div class=\"page\" title=\"Page 4\"><div class=\"layoutArea\"><div class=\"column\"><div class=\"page\" title=\"Page 5\"><div class=\"layoutArea\"><div class=\"column\"><div class=\"page\" title=\"Page 6\"><div class=\"layoutArea\"><div class=\"column\"><div class=\"page\" title=\"Page 7\"><div class=\"layoutArea\"><div class=\"column\"><p>Las siguientes cl\u00e1usulas regulan el acceso al Sitio Web ubicado en la direcci\u00f3n de Internet www.alboreaflamenco.com, y a los perfiles en las redes sociales enlazadas desde la p\u00e1gina principal (en adelante este Sitio Web) y, de otra parte, la persona (en adelante el Usuario), que accede a este Sitio Web.<\/p><h2 class=\"wp-block-heading\">Titularidad<\/h2><p>En cumplimiento de lo previsto en la Ley 34\/2002, de 11 de julio, de Servicios de la Sociedad de la Informaci\u00f3n y de Comercio Electr\u00f3nico, se informa que el titular de este sitio web es la siguiente entidad:<br \/><br \/>CORAZON FLAMENCO GRANADA S.L. ,con CIF B19547173, y domicilio en Granada, Calle Joaquina Eguaras 21,bajo C. Si desea ponerse en contacto con CORAZON FLAMENCO GRANADA S.L., por favor h\u00e1galo en el tel\u00e9fono (+34) 858 12 49 31<\/p><h2 class=\"wp-block-heading\">Objeto<\/h2><p>Mediante el uso de este Sitio Web (en adelante ALBOREA FLAMENCO) el Usuario acepta expresamente todas las cl\u00e1usulas legales de este aviso legal, de la pol\u00edtica de privacidad y la pol\u00edtica de cookies, as\u00ed como todas aquellas condiciones particulares recogidas para la utilizaci\u00f3n de determinados servicios. En caso de no aceptar alguna de las citadas cl\u00e1usulas, deber\u00e1 abstenerse de usar este Sitio Web. El usuario que accede a este Sitio Web asume el papel de Usuario, comprometi\u00e9ndose al cumplimiento de las cl\u00e1usulas aqu\u00ed dispuestas, as\u00ed como de cualquier otra disposici\u00f3n legal que fuera de aplicaci\u00f3n. Al hacerse seguidor de cualquiera de los perfiles de ALBOREA FLAMENCO, en las redes sociales de este Sitio Web se compromete a cumplir las condiciones y pol\u00edticas de las mismas. ALBOREA FLAMENCO se reserva el derecho a modificar cualquier cl\u00e1usula o informaci\u00f3n de este Sitio Web.<\/p><p>ALBOREA FLAMENCO recuerda al usuario mayor de edad que tengan a su cargo menores, que ser\u00e1 de su exclusiva responsabilidad determinar qu\u00e9 servicios y contenidos son o no apropiados para la edad de estos \u00faltimos, y que existen programas inform\u00e1ticos que permiten filtrar y bloquear el acceso a determinados contenidos y servicios.<\/p><p>\u00a0<\/p><h2 class=\"wp-block-heading\">T\u00c9RMINOS Y CONDICIONES GENERALES DE VENTA<\/h2><h2 class=\"wp-block-heading\">Introducci\u00f3n<\/h2><p>El presente documento tiene por finalidad regular los T\u00e9rminos y Condiciones Generales de los servicios de reserva on-line y off-line (en adelante, e indistintamente, los servicios) de ALBOREA FLAMENCO Los T\u00e9rminos \u201cUsted\u201d y \u201cUsuario\u201d se emplean aqu\u00ed para referirse a todos los individuos y\/o entidades que por cualquier raz\u00f3n accedan a www.alboreaflamenco.com, o utilicen los servicios.<\/p><p>La utilizaci\u00f3n de estos servicios, supondr\u00e1 la aceptaci\u00f3n plena y la validez de todos y cada uno de los T\u00e9rminos y Condiciones Generales -que se considerar\u00e1n autom\u00e1ticamente incorporadas en el contrato que se suscriba con ALBOREA FLAMENCO, sin que sea necesaria su transcripci\u00f3n escrita en el mismo- recogidas en la \u00faltima versi\u00f3n actualizada de estos.<\/p><h2 class=\"wp-block-heading\">Reserva y contrataci\u00f3n de servicios y productos<\/h2><p>Todas las compras que se realicen en este Sitio Web por parte del Usuario estar\u00e1n sujetas a las Condiciones Generales de compra de los servicios expuestas en el presente documento. Si alg\u00fan aspecto de la compra no estuviera contemplado en el mismo, \u00e9ste ser\u00e1 regulado seg\u00fan la legislaci\u00f3n vigente en Espa\u00f1a.<\/p><p>La compra formulada por el Usuario implica su acuerdo y aceptaci\u00f3n de las presentes Condiciones Generales de compra de los servicios. Ninguna estipulaci\u00f3n efectuada por el Usuario sobre las presentes Condiciones de compra, podr\u00e1 diferir de las establecidas por ALBOREA FLAMENCO.<\/p><p>Toda la informaci\u00f3n que figura en las p\u00e1ginas web de www.alboreaflamenco.com referentes a los servicios, sus caracter\u00edsticas, sus precios, sus condiciones de compra o sus pol\u00edticas de contrataci\u00f3n podr\u00e1n ser modificados por ALBOREA FLAMENCO en cualquier momento y sin previo aviso, con el objeto de tener informado puntualmente al p\u00fablico general de dichos cambios.<\/p><p>En caso de producirse alguna variaci\u00f3n en alg\u00fan servicio, este ser\u00e1 informado en el momento de la compra o al inicio del servicio, siendo la informaci\u00f3n v\u00e1lida y definitiva la aportada por la empresa.\u00a0<\/p><h2 class=\"wp-block-heading\">Pol\u00edtica de cancelaciones<\/h2><p>Para la cancelaci\u00f3n de reserva de nuestros productos, se aplicar\u00e1n los cargos siguientes:<\/p><ul class=\"wp-block-list\"><li>Cancelaci\u00f3n gratuita hasta\u00a0<strong>24 horas antes del evento.<\/strong><\/li><li>ALBOREA FLAMENCO se reserva el derecho a cancelar cualquier servicio que no llegue a un <strong>m\u00ednimo de 5 personas<\/strong>.<\/li><li>Para realizar cualquier cancelaci\u00f3n es imprescindible enviar la solicitud a la direcci\u00f3n de correo electr\u00f3nico:<div class=\"elementor-element elementor-element-d170a2e elementor-widget elementor-widget-text-editor\" data-id=\"d170a2e\" data-element_type=\"widget\" data-widget_type=\"text-editor.default\"><div class=\"elementor-widget-container\"><div class=\"elementor-text-editor elementor-clearfix\"><p><a href=\"mailto:info@alboreaflamenco.com\"><strong>info@alboreaflamenco.com<\/strong><\/a><\/p><\/div><\/div><\/div><div class=\"elementor-element elementor-element-4a8f600 elementor-shape-rounded elementor-grid-0 e-grid-align-center elementor-widget elementor-widget-social-icons\" data-id=\"4a8f600\" data-element_type=\"widget\" data-widget_type=\"social-icons.default\"><div class=\"elementor-widget-container\"><div class=\"elementor-social-icons-wrapper elementor-grid\">\u00a0<\/div><\/div><\/div><\/li><\/ul><h2>Pol\u00edtica de reembolsos<\/h2><p>En caso de que se vea afectado por nuestra pol\u00edtica de cancelaciones, ALBOREA FLAMENCO se compromete a realizar el reembolso \u00edntegro del importe de compra por el mismo medio por el cual se realiz\u00f3 dicha compra, siempre y cuando sea posible.<\/p><\/div><div class=\"elementor-element elementor-element-7eef337 elementor-widget elementor-widget-heading\" data-id=\"7eef337\" data-element_type=\"widget\" data-widget_type=\"heading.default\"><div class=\"elementor-widget-container\"><h2 class=\"elementor-heading-title elementor-size-default\">Ya tengo mi entrada \u00bfQu\u00e9 debo saber?<\/h2><\/div><\/div><div class=\"elementor-element elementor-element-d0759cb elementor-widget elementor-widget-text-editor\" data-id=\"d0759cb\" data-element_type=\"widget\" data-widget_type=\"text-editor.default\"><div class=\"elementor-widget-container\"><div class=\"elementor-text-editor elementor-clearfix\"><p>Los titulares del establecimiento, el organizador del espect\u00e1culo, as\u00ed como el personal dependiente de \u00e9stos, est\u00e1n obligados a impedir el acceso de personas al establecimiento y, en su caso, la permanencia de \u00e9stas en el mismo, en los siguientes supuestos:<\/p><ol><li>Se podr\u00e1 denegar el acceso a la sala transcurridos 20 minutos del comienzo del espect\u00e1culo, siempre que la entrada a la sala con demora pueda resultar molesta para el resto de clientes ubicados en sus respectivas butacas.<\/li><li>Se podr\u00e1 denegar el acceso a la sala a qui\u00e9n se acompa\u00f1e de animales, con la excepci\u00f3n de perros-gu\u00eda.<\/li><li>Se podr\u00e1 denegar el acceso a la sala cuando, la persona que pretenda acceder al establecimiento o se encuentre en su interior, manifieste comportamientos de diversa \u00edndole que atenten contra el orden social en general o causen molestias a otros espectadores o usuarios, o dificulten el normal desarrollo del espect\u00e1culo o actividad.<\/li><li>Las localidades previamente asignadas a cada cliente podr\u00e1n ser liberadas una vez transcurridos 10 minutos desde el inicio del espect\u00e1culo<\/li><li>Los ni\u00f1os entre 0-4 a\u00f1os no tienen localidad reservada. La direcci\u00f3n de La Albore\u00e1 podr\u00e1 asignar butaca a ni\u00f1os en esta franja de edad, siempre y cuando no se alcance el 100% del aforo.<\/li><li>La direcci\u00f3n de La Albore\u00e1 podr\u00e1 requerir a los padres\/acompa\u00f1antes de los ni\u00f1os entre 0-4 a\u00f1os a abandonar la sala en caso de que estos dificulten el normal desarrollo del espect\u00e1culo o actividad.<\/li><li>La apertura de puertas tiene lugar entre 25-30 minutos antes del inicio del espect\u00e1culo.<\/li><\/ol><\/div><\/div><\/div><\/div><\/div><\/div><\/div><\/div><\/div><\/div><\/div><\/div><\/div><\/div><\/div><\/div><\/div><\/div><\/div><\/div><\/div><\/div><\/div>\t\t\t\t\t\t\t\t<\/div>\n\t\t\t\t<\/div>\n\t\t\t\t<div class=\"elementor-element elementor-element-c1dacfd elementor-widget elementor-widget-spacer\" data-id=\"c1dacfd\" data-element_type=\"widget\" data-widget_type=\"spacer.default\">\n\t\t\t\t<div class=\"elementor-widget-container\">\n\t\t\t\t\t\t\t<div class=\"elementor-spacer\">\n\t\t\t<div class=\"elementor-spacer-inner\"><\/div>\n\t\t<\/div>\n\t\t\t\t\t\t<\/div>\n\t\t\t\t<\/div>\n\t\t\t\t\t<\/div>\n\t\t<\/div>\n\t\t\t\t\t<\/div>\n\t\t<\/section>\n\t\t\t\t<\/div>\n\t\t","protected":false},"excerpt":{"rendered":"<p>Condiciones generales de venta Las siguientes cl\u00e1usulas regulan el acceso al Sitio Web ubicado en la direcci\u00f3n de Internet www.alboreaflamenco.com, y a los perfiles en las redes sociales enlazadas desde la p\u00e1gina principal (en adelante este Sitio Web) y, de otra parte, la persona (en adelante el Usuario), que accede a este Sitio Web. Titularidad &hellip;<\/p>\n<p class=\"read-more\"> <a class=\"ast-button\" href=\"https:\/\/alboreaflamenco.com\/en\/condiciones-generales-de-venta\/\"> <span class=\"screen-reader-text\">Condiciones generales de venta<\/span> Read More \u00bb<\/a><\/p>\n","protected":false},"author":5,"featured_media":0,"parent":0,"menu_order":0,"comment_status":"closed","ping_status":"closed","template":"","meta":{"_joinchat":[],"footnotes":""},"class_list":["post-110934","page","type-page","status-publish","hentry"],"yoast_head":"<!-- This site is optimized with the Yoast SEO Premium plugin v25.1 (Yoast SEO v26.2) - https:\/\/yoast.com\/wordpress\/plugins\/seo\/ -->\n<title>Condiciones generales de venta - La Albore\u00e1<\/title>\n<meta name=\"robots\" content=\"noindex, follow\" \/>\n<meta property=\"og:locale\" content=\"en_US\" \/>\n<meta property=\"og:type\" content=\"article\" \/>\n<meta property=\"og:title\" content=\"Condiciones generales de venta\" \/>\n<meta property=\"og:description\" content=\"Condiciones generales de venta Las siguientes cl\u00e1usulas regulan el acceso al Sitio Web ubicado en la direcci\u00f3n de Internet www.alboreaflamenco.com, y a los perfiles en las redes sociales enlazadas desde la p\u00e1gina principal (en adelante este Sitio Web) y, de otra parte, la persona (en adelante el Usuario), que accede a este Sitio Web. Titularidad &hellip; Condiciones generales de venta Read More \u00bb\" \/>\n<meta property=\"og:url\" content=\"https:\/\/alboreaflamenco.com\/en\/condiciones-generales-de-venta\/\" \/>\n<meta property=\"og:site_name\" content=\"La Albore\u00e1\" \/>\n<meta property=\"article:publisher\" content=\"https:\/\/www.facebook.com\/LaAlboreA\" \/>\n<meta property=\"article:modified_time\" content=\"2025-09-29T08:12:42+00:00\" \/>\n<meta property=\"og:image\" content=\"https:\/\/alboreaflamenco.com\/wp-content\/uploads\/2023\/02\/palo-flamenco-la-alborea.jpg\" \/>\n\t<meta property=\"og:image:width\" content=\"1440\" \/>\n\t<meta property=\"og:image:height\" content=\"960\" \/>\n\t<meta property=\"og:image:type\" content=\"image\/jpeg\" \/>\n<meta name=\"twitter:card\" content=\"summary_large_image\" \/>\n<meta name=\"twitter:site\" content=\"@laalborea\" \/>\n<meta name=\"twitter:label1\" content=\"Est. reading time\" \/>\n\t<meta name=\"twitter:data1\" content=\"1 minute\" \/>\n<script type=\"application\/ld+json\" class=\"yoast-schema-graph\">{\"@context\":\"https:\/\/schema.org\",\"@graph\":[{\"@type\":\"WebPage\",\"@id\":\"https:\/\/alboreaflamenco.com\/en\/condiciones-generales-de-venta\/\",\"url\":\"https:\/\/alboreaflamenco.com\/en\/condiciones-generales-de-venta\/\",\"name\":\"Condiciones generales de venta - La Albore\u00e1\",\"isPartOf\":{\"@id\":\"https:\/\/alboreaflamenco.com\/en\/#website\"},\"datePublished\":\"2023-07-28T10:42:18+00:00\",\"dateModified\":\"2025-09-29T08:12:42+00:00\",\"breadcrumb\":{\"@id\":\"https:\/\/alboreaflamenco.com\/en\/condiciones-generales-de-venta\/#breadcrumb\"},\"inLanguage\":\"en-US\",\"potentialAction\":[{\"@type\":\"ReadAction\",\"target\":[\"https:\/\/alboreaflamenco.com\/en\/condiciones-generales-de-venta\/\"]}]},{\"@type\":\"BreadcrumbList\",\"@id\":\"https:\/\/alboreaflamenco.com\/en\/condiciones-generales-de-venta\/#breadcrumb\",\"itemListElement\":[{\"@type\":\"ListItem\",\"position\":1,\"name\":\"Portada\",\"item\":\"https:\/\/alboreaflamenco.com\/en\/\"},{\"@type\":\"ListItem\",\"position\":2,\"name\":\"Condiciones generales de venta\"}]},{\"@type\":\"WebSite\",\"@id\":\"https:\/\/alboreaflamenco.com\/en\/#website\",\"url\":\"https:\/\/alboreaflamenco.com\/en\/\",\"name\":\"La Albore\u00e1 Flamenco Granada\",\"description\":\"Tablao Flamenco Granada\",\"publisher\":{\"@id\":\"https:\/\/alboreaflamenco.com\/en\/#organization\"},\"alternateName\":\"Tablao Flamenco La Albore\u00e1\",\"potentialAction\":[{\"@type\":\"SearchAction\",\"target\":{\"@type\":\"EntryPoint\",\"urlTemplate\":\"https:\/\/alboreaflamenco.com\/en\/?s={search_term_string}\"},\"query-input\":{\"@type\":\"PropertyValueSpecification\",\"valueRequired\":true,\"valueName\":\"search_term_string\"}}],\"inLanguage\":\"en-US\"},{\"@type\":\"Organization\",\"@id\":\"https:\/\/alboreaflamenco.com\/en\/#organization\",\"name\":\"La Albore\u00e1 Flamenco Granada\",\"alternateName\":\"Tablao Flamenco La Albore\u00e1\",\"url\":\"https:\/\/alboreaflamenco.com\/en\/\",\"logo\":{\"@type\":\"ImageObject\",\"inLanguage\":\"en-US\",\"@id\":\"https:\/\/alboreaflamenco.com\/en\/#\/schema\/logo\/image\/\",\"url\":\"https:\/\/alboreaflamenco.com\/wp-content\/uploads\/2020\/03\/logo-tablao-alborea-2020.png\",\"contentUrl\":\"https:\/\/alboreaflamenco.com\/wp-content\/uploads\/2020\/03\/logo-tablao-alborea-2020.png\",\"width\":1600,\"height\":878,\"caption\":\"La Albore\u00e1 Flamenco Granada\"},\"image\":{\"@id\":\"https:\/\/alboreaflamenco.com\/en\/#\/schema\/logo\/image\/\"},\"sameAs\":[\"https:\/\/www.facebook.com\/LaAlboreA\",\"https:\/\/x.com\/laalborea\",\"https:\/\/www.instagram.com\/alboreaflamenco\/\"]}]}<\/script>\n<!-- \/ Yoast SEO Premium plugin. -->","yoast_head_json":{"title":"Condiciones generales de venta - La Albore\u00e1","robots":{"index":"noindex","follow":"follow"},"og_locale":"en_US","og_type":"article","og_title":"Condiciones generales de venta","og_description":"Condiciones generales de venta Las siguientes cl\u00e1usulas regulan el acceso al Sitio Web ubicado en la direcci\u00f3n de Internet www.alboreaflamenco.com, y a los perfiles en las redes sociales enlazadas desde la p\u00e1gina principal (en adelante este Sitio Web) y, de otra parte, la persona (en adelante el Usuario), que accede a este Sitio Web. Titularidad &hellip; Condiciones generales de venta Read More \u00bb","og_url":"https:\/\/alboreaflamenco.com\/en\/condiciones-generales-de-venta\/","og_site_name":"La Albore\u00e1","article_publisher":"https:\/\/www.facebook.com\/LaAlboreA","article_modified_time":"2025-09-29T08:12:42+00:00","og_image":[{"width":1440,"height":960,"url":"https:\/\/alboreaflamenco.com\/wp-content\/uploads\/2023\/02\/palo-flamenco-la-alborea.jpg","type":"image\/jpeg"}],"twitter_card":"summary_large_image","twitter_site":"@laalborea","twitter_misc":{"Est. reading time":"1 minute"},"schema":{"@context":"https:\/\/schema.org","@graph":[{"@type":"WebPage","@id":"https:\/\/alboreaflamenco.com\/en\/condiciones-generales-de-venta\/","url":"https:\/\/alboreaflamenco.com\/en\/condiciones-generales-de-venta\/","name":"Condiciones generales de venta - La Albore\u00e1","isPartOf":{"@id":"https:\/\/alboreaflamenco.com\/en\/#website"},"datePublished":"2023-07-28T10:42:18+00:00","dateModified":"2025-09-29T08:12:42+00:00","breadcrumb":{"@id":"https:\/\/alboreaflamenco.com\/en\/condiciones-generales-de-venta\/#breadcrumb"},"inLanguage":"en-US","potentialAction":[{"@type":"ReadAction","target":["https:\/\/alboreaflamenco.com\/en\/condiciones-generales-de-venta\/"]}]},{"@type":"BreadcrumbList","@id":"https:\/\/alboreaflamenco.com\/en\/condiciones-generales-de-venta\/#breadcrumb","itemListElement":[{"@type":"ListItem","position":1,"name":"Portada","item":"https:\/\/alboreaflamenco.com\/en\/"},{"@type":"ListItem","position":2,"name":"Condiciones generales de venta"}]},{"@type":"WebSite","@id":"https:\/\/alboreaflamenco.com\/en\/#website","url":"https:\/\/alboreaflamenco.com\/en\/","name":"La Albore\u00e1 Flamenco Granada","description":"Tablao Flamenco Granada","publisher":{"@id":"https:\/\/alboreaflamenco.com\/en\/#organization"},"alternateName":"Tablao Flamenco La Albore\u00e1","potentialAction":[{"@type":"SearchAction","target":{"@type":"EntryPoint","urlTemplate":"https:\/\/alboreaflamenco.com\/en\/?s={search_term_string}"},"query-input":{"@type":"PropertyValueSpecification","valueRequired":true,"valueName":"search_term_string"}}],"inLanguage":"en-US"},{"@type":"Organization","@id":"https:\/\/alboreaflamenco.com\/en\/#organization","name":"La Albore\u00e1 Flamenco Granada","alternateName":"Tablao Flamenco La Albore\u00e1","url":"https:\/\/alboreaflamenco.com\/en\/","logo":{"@type":"ImageObject","inLanguage":"en-US","@id":"https:\/\/alboreaflamenco.com\/en\/#\/schema\/logo\/image\/","url":"https:\/\/alboreaflamenco.com\/wp-content\/uploads\/2020\/03\/logo-tablao-alborea-2020.png","contentUrl":"https:\/\/alboreaflamenco.com\/wp-content\/uploads\/2020\/03\/logo-tablao-alborea-2020.png","width":1600,"height":878,"caption":"La Albore\u00e1 Flamenco Granada"},"image":{"@id":"https:\/\/alboreaflamenco.com\/en\/#\/schema\/logo\/image\/"},"sameAs":["https:\/\/www.facebook.com\/LaAlboreA","https:\/\/x.com\/laalborea","https:\/\/www.instagram.com\/alboreaflamenco\/"]}]}},"_links":{"self":[{"href":"https:\/\/alboreaflamenco.com\/en\/wp-json\/wp\/v2\/pages\/110934","targetHints":{"allow":["GET"]}}],"collection":[{"href":"https:\/\/alboreaflamenco.com\/en\/wp-json\/wp\/v2\/pages"}],"about":[{"href":"https:\/\/alboreaflamenco.com\/en\/wp-json\/wp\/v2\/types\/page"}],"author":[{"embeddable":true,"href":"https:\/\/alboreaflamenco.com\/en\/wp-json\/wp\/v2\/users\/5"}],"replies":[{"embeddable":true,"href":"https:\/\/alboreaflamenco.com\/en\/wp-json\/wp\/v2\/comments?post=110934"}],"version-history":[{"count":11,"href":"https:\/\/alboreaflamenco.com\/en\/wp-json\/wp\/v2\/pages\/110934\/revisions"}],"predecessor-version":[{"id":112360,"href":"https:\/\/alboreaflamenco.com\/en\/wp-json\/wp\/v2\/pages\/110934\/revisions\/112360"}],"wp:attachment":[{"href":"https:\/\/alboreaflamenco.com\/en\/wp-json\/wp\/v2\/media?parent=110934"}],"curies":[{"name":"wp","href":"https:\/\/api.w.org\/{rel}","templated":true}]}}