{"id":6108,"date":"2015-02-11T15:00:56","date_gmt":"2015-02-11T15:00:56","guid":{"rendered":"http:\/\/alboreaflamenco.com\/?page_id=6108"},"modified":"2025-07-01T11:29:46","modified_gmt":"2025-07-01T09:29:46","slug":"flamenco-guitar","status":"publish","type":"page","link":"https:\/\/alboreaflamenco.com\/en\/flamenco-guitar\/","title":{"rendered":"Flamenco Guitar Granada"},"content":{"rendered":"\t\t<div data-elementor-type=\"wp-page\" data-elementor-id=\"6108\" class=\"elementor elementor-6108 elementor-6090\" data-elementor-post-type=\"page\">\n\t\t\t\t\t\t<section class=\"elementor-section elementor-top-section elementor-element elementor-element-18ed367e elementor-section-boxed elementor-section-height-default elementor-section-height-default\" data-id=\"18ed367e\" data-element_type=\"section\" data-settings=\"{&quot;background_background&quot;:&quot;classic&quot;}\">\n\t\t\t\t\t\t\t<div class=\"elementor-background-overlay\"><\/div>\n\t\t\t\t\t\t\t<div class=\"elementor-container elementor-column-gap-wider\">\n\t\t\t\t\t<div class=\"elementor-column elementor-col-100 elementor-top-column elementor-element elementor-element-1644de49\" data-id=\"1644de49\" data-element_type=\"column\">\n\t\t\t<div class=\"elementor-widget-wrap elementor-element-populated\">\n\t\t\t\t\t\t<div class=\"elementor-element elementor-element-6c74fc85 elementor-widget elementor-widget-spacer\" data-id=\"6c74fc85\" data-element_type=\"widget\" data-widget_type=\"spacer.default\">\n\t\t\t\t<div class=\"elementor-widget-container\">\n\t\t\t\t\t\t\t<div class=\"elementor-spacer\">\n\t\t\t<div class=\"elementor-spacer-inner\"><\/div>\n\t\t<\/div>\n\t\t\t\t\t\t<\/div>\n\t\t\t\t<\/div>\n\t\t\t\t<div class=\"elementor-element elementor-element-622651e3 elementor-widget-divider--view-line elementor-widget elementor-widget-divider\" data-id=\"622651e3\" data-element_type=\"widget\" data-widget_type=\"divider.default\">\n\t\t\t\t<div class=\"elementor-widget-container\">\n\t\t\t\t\t\t\t<div class=\"elementor-divider\">\n\t\t\t<span class=\"elementor-divider-separator\">\n\t\t\t\t\t\t<\/span>\n\t\t<\/div>\n\t\t\t\t\t\t<\/div>\n\t\t\t\t<\/div>\n\t\t\t\t<div class=\"elementor-element elementor-element-534641e8 elementor-widget elementor-widget-heading\" data-id=\"534641e8\" data-element_type=\"widget\" data-widget_type=\"heading.default\">\n\t\t\t\t<div class=\"elementor-widget-container\">\n\t\t\t\t\t<h1 class=\"elementor-heading-title elementor-size-default\">Flamenco guitar in Granada<\/h1>\t\t\t\t<\/div>\n\t\t\t\t<\/div>\n\t\t\t\t<div class=\"elementor-element elementor-element-37d623ad elementor-widget elementor-widget-heading\" data-id=\"37d623ad\" data-element_type=\"widget\" data-widget_type=\"heading.default\">\n\t\t\t\t<div class=\"elementor-widget-container\">\n\t\t\t\t\t<h3 class=\"elementor-heading-title elementor-size-default\">The best flamenco show<\/h3>\t\t\t\t<\/div>\n\t\t\t\t<\/div>\n\t\t\t\t<div class=\"elementor-element elementor-element-310c24b elementor-widget elementor-widget-spacer\" data-id=\"310c24b\" data-element_type=\"widget\" data-widget_type=\"spacer.default\">\n\t\t\t\t<div class=\"elementor-widget-container\">\n\t\t\t\t\t\t\t<div class=\"elementor-spacer\">\n\t\t\t<div class=\"elementor-spacer-inner\"><\/div>\n\t\t<\/div>\n\t\t\t\t\t\t<\/div>\n\t\t\t\t<\/div>\n\t\t\t\t\t<\/div>\n\t\t<\/div>\n\t\t\t\t\t<\/div>\n\t\t<\/section>\n\t\t\t\t<section class=\"elementor-section elementor-top-section elementor-element elementor-element-1288f174 elementor-section-boxed elementor-section-height-default elementor-section-height-default\" data-id=\"1288f174\" data-element_type=\"section\" data-settings=\"{&quot;background_background&quot;:&quot;classic&quot;}\">\n\t\t\t\t\t\t<div class=\"elementor-container elementor-column-gap-default\">\n\t\t\t\t\t<div class=\"elementor-column elementor-col-100 elementor-top-column elementor-element elementor-element-7d20f456\" data-id=\"7d20f456\" data-element_type=\"column\">\n\t\t\t<div class=\"elementor-widget-wrap elementor-element-populated\">\n\t\t\t\t\t\t<div class=\"elementor-element elementor-element-47506889 elementor-widget elementor-widget-text-editor\" data-id=\"47506889\" data-element_type=\"widget\" data-widget_type=\"text-editor.default\">\n\t\t\t\t<div class=\"elementor-widget-container\">\n\t\t\t\t\t\t\t\t\t<p>Flamenco is not understood without the accompaniment of the world-famous Spanish guitar and its characteristic \u2018toque\u2019. Neither is a guitar conceived without the work of the guitarist, a centennial art that overcomes the years and still endures in our city.<\/p><p>Nor is the Spanish guitar such an icon without the intervention of the guitarist, a centennial art form which has stood the test of time and still endures in our city.<\/p><p>The flamenco guitar artists play the chords most associated with flamenco.. The \u2018toque\u2019 is not exempt from a purified technique, from the \u2018picado\u2019 and \u2018tremolo\u2019, through to the \u2018rasgueado\u2019 or \u2018alzap\u00faa\u2019.<\/p><p>The late Paco de Luc\u00eda took the flamenco guitar around the world. Nowadays, Tomatito, Manolo Sanl\u00facar, Vicente Amigo and Pepe Habichuela represent the best of the Spanish guitar.<\/p><p>They have been and continue to be an example for many of the guitarists or \u2018tocaores\u2019 of Granada, including of course, the artists from the Sacromonte area, \u00a0the birth place of flamenco. In Tablao La Albore\u00e1 we enjoy the best: Rafael Fajardo, C\u00e9sar Cubero, Jos\u00e9 \u2018El Pirata\u2019, Manuel Carmona, Camar\u00f3n de Pitita, Kiki Corpas and occasionally the great Jer\u00f3nimo Maya.<\/p><h3 style=\"color: #d2230e; text-align: center;\"><span style=\"color: #d60404;\"><a style=\"color: #d60404;\" href=\"https:\/\/alboreaflamenco.com\/en\/flamenco-tickets\/\"><strong>Buy Tickets<\/strong><\/a><\/span><\/h3><p style=\"text-align: center;\">Buy your tickets online now!<\/p>\t\t\t\t\t\t\t\t<\/div>\n\t\t\t\t<\/div>\n\t\t\t\t<div class=\"elementor-element elementor-element-03759ce elementor-align-center elementor-widget elementor-widget-button\" data-id=\"03759ce\" data-element_type=\"widget\" data-widget_type=\"button.default\">\n\t\t\t\t<div class=\"elementor-widget-container\">\n\t\t\t\t\t\t\t\t\t<div class=\"elementor-button-wrapper\">\n\t\t\t\t\t<a class=\"elementor-button elementor-button-link elementor-size-sm\" href=\"?tck=a3433af3-be30-4d3b-8b2d-b59ffd5544f0\">\n\t\t\t\t\t\t<span class=\"elementor-button-content-wrapper\">\n\t\t\t\t\t\t\t\t\t<span class=\"elementor-button-text\">Click for book now<\/span>\n\t\t\t\t\t<\/span>\n\t\t\t\t\t<\/a>\n\t\t\t\t<\/div>\n\t\t\t\t\t\t\t\t<\/div>\n\t\t\t\t<\/div>\n\t\t\t\t\t<\/div>\n\t\t<\/div>\n\t\t\t\t\t<\/div>\n\t\t<\/section>\n\t\t\t\t<section class=\"elementor-section elementor-top-section elementor-element elementor-element-4181baa elementor-section-boxed elementor-section-height-default elementor-section-height-default\" data-id=\"4181baa\" data-element_type=\"section\" data-settings=\"{&quot;background_background&quot;:&quot;classic&quot;}\">\n\t\t\t\t\t\t<div class=\"elementor-container elementor-column-gap-default\">\n\t\t\t\t\t<div class=\"elementor-column elementor-col-100 elementor-top-column elementor-element elementor-element-8ad547e\" data-id=\"8ad547e\" data-element_type=\"column\">\n\t\t\t<div class=\"elementor-widget-wrap elementor-element-populated\">\n\t\t\t\t\t\t<div class=\"elementor-element elementor-element-fb0ebe4 elementor-widget elementor-widget-gallery\" data-id=\"fb0ebe4\" data-element_type=\"widget\" data-settings=\"{&quot;gallery_layout&quot;:&quot;masonry&quot;,&quot;columns&quot;:2,&quot;gap&quot;:{&quot;unit&quot;:&quot;px&quot;,&quot;size&quot;:12,&quot;sizes&quot;:[]},&quot;overlay_title&quot;:&quot;caption&quot;,&quot;lazyload&quot;:&quot;yes&quot;,&quot;columns_tablet&quot;:2,&quot;columns_mobile&quot;:1,&quot;gap_tablet&quot;:{&quot;unit&quot;:&quot;px&quot;,&quot;size&quot;:10,&quot;sizes&quot;:[]},&quot;gap_mobile&quot;:{&quot;unit&quot;:&quot;px&quot;,&quot;size&quot;:10,&quot;sizes&quot;:[]},&quot;link_to&quot;:&quot;file&quot;,&quot;content_hover_animation&quot;:&quot;fade-in&quot;}\" data-widget_type=\"gallery.default\">\n\t\t\t\t<div class=\"elementor-widget-container\">\n\t\t\t\t\t\t\t<div class=\"elementor-gallery__container\">\n\t\t\t\t\t\t\t<a class=\"e-gallery-item elementor-gallery-item elementor-animated-content\" href=\"https:\/\/alboreaflamenco.com\/wp-content\/uploads\/2020\/03\/ISRAEL-HEREDIA.jpg\" data-elementor-open-lightbox=\"yes\" data-elementor-lightbox-slideshow=\"fb0ebe4\" data-elementor-lightbox-title=\"ISRAEL HEREDIA\" data-e-action-hash=\"#elementor-action%3Aaction%3Dlightbox%26settings%3DeyJpZCI6MjI1NDMsInVybCI6Imh0dHBzOlwvXC9hbGJvcmVhZmxhbWVuY28uY29tXC93cC1jb250ZW50XC91cGxvYWRzXC8yMDIwXC8wM1wvSVNSQUVMLUhFUkVESUEuanBnIiwic2xpZGVzaG93IjoiZmIwZWJlNCJ9\">\n\t\t\t\t\t<div class=\"e-gallery-image elementor-gallery-item__image\" data-thumbnail=\"https:\/\/alboreaflamenco.com\/wp-content\/uploads\/2020\/03\/ISRAEL-HEREDIA.jpg\" data-width=\"1068\" data-height=\"1600\" aria-label=\"ISRAEL HEREDIA\" role=\"img\" ><\/div>\n\t\t\t\t\t\t\t\t\t\t\t\t\t\t\t<div class=\"elementor-gallery-item__content\">\n\t\t\t\t\t\t\t\t\t\t\t\t\t\t<div class=\"elementor-gallery-item__title\">\n\t\t\t\t\t\t\t\t\t\t\t\t\t\t\t\t\t\tISRAEL HEREDIA\t\t\t\t\t\t\t\t<\/div>\n\t\t\t\t\t\t\t\t\t\t\t\t<\/div>\n\t\t\t\t\t\t\t\t\t<\/a>\n\t\t\t\t\t\t\t<a class=\"e-gallery-item elementor-gallery-item elementor-animated-content\" href=\"https:\/\/alboreaflamenco.com\/wp-content\/uploads\/2020\/03\/JER\u00d3NIMO-MAYA.jpg\" data-elementor-open-lightbox=\"yes\" data-elementor-lightbox-slideshow=\"fb0ebe4\" data-elementor-lightbox-title=\"JER\u00d3NIMO MAYA\" data-e-action-hash=\"#elementor-action%3Aaction%3Dlightbox%26settings%3DeyJpZCI6MjI1NDcsInVybCI6Imh0dHBzOlwvXC9hbGJvcmVhZmxhbWVuY28uY29tXC93cC1jb250ZW50XC91cGxvYWRzXC8yMDIwXC8wM1wvSkVSXHUwMGQzTklNTy1NQVlBLmpwZyIsInNsaWRlc2hvdyI6ImZiMGViZTQifQ%3D%3D\">\n\t\t\t\t\t<div class=\"e-gallery-image elementor-gallery-item__image\" data-thumbnail=\"https:\/\/alboreaflamenco.com\/wp-content\/uploads\/2020\/03\/JER\u00d3NIMO-MAYA.jpg\" data-width=\"1068\" data-height=\"1600\" aria-label=\"JER\u00d3NIMO MAYA\" role=\"img\" ><\/div>\n\t\t\t\t\t\t\t\t\t\t\t\t\t\t\t<div class=\"elementor-gallery-item__content\">\n\t\t\t\t\t\t\t\t\t\t\t\t\t\t<div class=\"elementor-gallery-item__title\">\n\t\t\t\t\t\t\t\t\t\t\t\t\t\t\t\t\t\tJER\u00d3NIMO MAYA\t\t\t\t\t\t\t\t<\/div>\n\t\t\t\t\t\t\t\t\t\t\t\t<\/div>\n\t\t\t\t\t\t\t\t\t<\/a>\n\t\t\t\t\t\t\t<a class=\"e-gallery-item elementor-gallery-item elementor-animated-content\" href=\"https:\/\/alboreaflamenco.com\/wp-content\/uploads\/2020\/03\/JORGE-EL-PISAO.jpg\" data-elementor-open-lightbox=\"yes\" data-elementor-lightbox-slideshow=\"fb0ebe4\" data-elementor-lightbox-title=\"JORGE EL PISAO\" data-e-action-hash=\"#elementor-action%3Aaction%3Dlightbox%26settings%3DeyJpZCI6MjI1NTEsInVybCI6Imh0dHBzOlwvXC9hbGJvcmVhZmxhbWVuY28uY29tXC93cC1jb250ZW50XC91cGxvYWRzXC8yMDIwXC8wM1wvSk9SR0UtRUwtUElTQU8uanBnIiwic2xpZGVzaG93IjoiZmIwZWJlNCJ9\">\n\t\t\t\t\t<div class=\"e-gallery-image elementor-gallery-item__image\" data-thumbnail=\"https:\/\/alboreaflamenco.com\/wp-content\/uploads\/2020\/03\/JORGE-EL-PISAO.jpg\" data-width=\"1068\" data-height=\"1600\" aria-label=\"JORGE EL PISAO\" role=\"img\" ><\/div>\n\t\t\t\t\t\t\t\t\t\t\t\t\t\t\t<div class=\"elementor-gallery-item__content\">\n\t\t\t\t\t\t\t\t\t\t\t\t\t\t<div class=\"elementor-gallery-item__title\">\n\t\t\t\t\t\t\t\t\t\t\t\t\t\t\t\t\t\tJORGE EL PISAO\t\t\t\t\t\t\t\t<\/div>\n\t\t\t\t\t\t\t\t\t\t\t\t<\/div>\n\t\t\t\t\t\t\t\t\t<\/a>\n\t\t\t\t\t\t\t<a class=\"e-gallery-item elementor-gallery-item elementor-animated-content\" href=\"https:\/\/alboreaflamenco.com\/wp-content\/uploads\/2020\/03\/JOS\u00c9-FERN\u00c1NDEZ.jpg\" data-elementor-open-lightbox=\"yes\" data-elementor-lightbox-slideshow=\"fb0ebe4\" data-elementor-lightbox-title=\"JOS\u00c9 FERN\u00c1NDEZ\" data-e-action-hash=\"#elementor-action%3Aaction%3Dlightbox%26settings%3DeyJpZCI6MjI1NTUsInVybCI6Imh0dHBzOlwvXC9hbGJvcmVhZmxhbWVuY28uY29tXC93cC1jb250ZW50XC91cGxvYWRzXC8yMDIwXC8wM1wvSk9TXHUwMGM5LUZFUk5cdTAwYzFOREVaLmpwZyIsInNsaWRlc2hvdyI6ImZiMGViZTQifQ%3D%3D\">\n\t\t\t\t\t<div class=\"e-gallery-image elementor-gallery-item__image\" data-thumbnail=\"https:\/\/alboreaflamenco.com\/wp-content\/uploads\/2020\/03\/JOS\u00c9-FERN\u00c1NDEZ.jpg\" data-width=\"1068\" data-height=\"1600\" aria-label=\"JOS\u00c9 FERN\u00c1NDEZ\" role=\"img\" ><\/div>\n\t\t\t\t\t\t\t\t\t\t\t\t\t\t\t<div class=\"elementor-gallery-item__content\">\n\t\t\t\t\t\t\t\t\t\t\t\t\t\t<div class=\"elementor-gallery-item__title\">\n\t\t\t\t\t\t\t\t\t\t\t\t\t\t\t\t\t\tJOS\u00c9 FERN\u00c1NDEZ\t\t\t\t\t\t\t\t<\/div>\n\t\t\t\t\t\t\t\t\t\t\t\t<\/div>\n\t\t\t\t\t\t\t\t\t<\/a>\n\t\t\t\t\t\t\t<a class=\"e-gallery-item elementor-gallery-item elementor-animated-content\" href=\"https:\/\/alboreaflamenco.com\/wp-content\/uploads\/2020\/03\/MANUEL-CARMONA.jpg\" data-elementor-open-lightbox=\"yes\" data-elementor-lightbox-slideshow=\"fb0ebe4\" data-elementor-lightbox-title=\"MANUEL CARMONA\" data-e-action-hash=\"#elementor-action%3Aaction%3Dlightbox%26settings%3DeyJpZCI6MjI1NjMsInVybCI6Imh0dHBzOlwvXC9hbGJvcmVhZmxhbWVuY28uY29tXC93cC1jb250ZW50XC91cGxvYWRzXC8yMDIwXC8wM1wvTUFOVUVMLUNBUk1PTkEuanBnIiwic2xpZGVzaG93IjoiZmIwZWJlNCJ9\">\n\t\t\t\t\t<div class=\"e-gallery-image elementor-gallery-item__image\" data-thumbnail=\"https:\/\/alboreaflamenco.com\/wp-content\/uploads\/2020\/03\/MANUEL-CARMONA.jpg\" data-width=\"1068\" data-height=\"1600\" aria-label=\"MANUEL CARMONA\" role=\"img\" ><\/div>\n\t\t\t\t\t\t\t\t\t\t\t\t\t\t\t<div class=\"elementor-gallery-item__content\">\n\t\t\t\t\t\t\t\t\t\t\t\t\t\t<div class=\"elementor-gallery-item__title\">\n\t\t\t\t\t\t\t\t\t\t\t\t\t\t\t\t\t\tMANUEL CARMONA\t\t\t\t\t\t\t\t<\/div>\n\t\t\t\t\t\t\t\t\t\t\t\t<\/div>\n\t\t\t\t\t\t\t\t\t<\/a>\n\t\t\t\t\t\t\t<a class=\"e-gallery-item elementor-gallery-item elementor-animated-content\" href=\"https:\/\/alboreaflamenco.com\/wp-content\/uploads\/2020\/03\/PEDRO-GEA-Y-LA-ROSA-BYN.jpg\" data-elementor-open-lightbox=\"yes\" data-elementor-lightbox-slideshow=\"fb0ebe4\" data-elementor-lightbox-title=\"PEDRO GEA Y LA ROSA\" data-e-action-hash=\"#elementor-action%3Aaction%3Dlightbox%26settings%3DeyJpZCI6MjI1NjcsInVybCI6Imh0dHBzOlwvXC9hbGJvcmVhZmxhbWVuY28uY29tXC93cC1jb250ZW50XC91cGxvYWRzXC8yMDIwXC8wM1wvUEVEUk8tR0VBLVktTEEtUk9TQS1CWU4uanBnIiwic2xpZGVzaG93IjoiZmIwZWJlNCJ9\">\n\t\t\t\t\t<div class=\"e-gallery-image elementor-gallery-item__image\" data-thumbnail=\"https:\/\/alboreaflamenco.com\/wp-content\/uploads\/2020\/03\/PEDRO-GEA-Y-LA-ROSA-BYN.jpg\" data-width=\"1068\" data-height=\"1600\" aria-label=\"PEDRO GEA Y LA ROSA\" role=\"img\" ><\/div>\n\t\t\t\t\t\t\t\t\t\t\t\t\t\t\t<div class=\"elementor-gallery-item__content\">\n\t\t\t\t\t\t\t\t\t\t\t\t\t\t<div class=\"elementor-gallery-item__title\">\n\t\t\t\t\t\t\t\t\t\t\t\t\t\t\t\t\t\tPEDRO GEA Y LA ROSA\t\t\t\t\t\t\t\t<\/div>\n\t\t\t\t\t\t\t\t\t\t\t\t<\/div>\n\t\t\t\t\t\t\t\t\t<\/a>\n\t\t\t\t\t\t\t<a class=\"e-gallery-item elementor-gallery-item elementor-animated-content\" href=\"https:\/\/alboreaflamenco.com\/wp-content\/uploads\/2020\/03\/RUB\u00c9N-CAMPOS.jpg\" data-elementor-open-lightbox=\"yes\" data-elementor-lightbox-slideshow=\"fb0ebe4\" data-elementor-lightbox-title=\"RUB\u00c9N CAMPOS\" data-e-action-hash=\"#elementor-action%3Aaction%3Dlightbox%26settings%3DeyJpZCI6MjI1NzUsInVybCI6Imh0dHBzOlwvXC9hbGJvcmVhZmxhbWVuY28uY29tXC93cC1jb250ZW50XC91cGxvYWRzXC8yMDIwXC8wM1wvUlVCXHUwMGM5Ti1DQU1QT1MuanBnIiwic2xpZGVzaG93IjoiZmIwZWJlNCJ9\">\n\t\t\t\t\t<div class=\"e-gallery-image elementor-gallery-item__image\" data-thumbnail=\"https:\/\/alboreaflamenco.com\/wp-content\/uploads\/2020\/03\/RUB\u00c9N-CAMPOS.jpg\" data-width=\"1000\" data-height=\"1498\" aria-label=\"RUB\u00c9N CAMPOS\" role=\"img\" ><\/div>\n\t\t\t\t\t\t\t\t\t\t\t\t\t\t\t<div class=\"elementor-gallery-item__content\">\n\t\t\t\t\t\t\t\t\t\t\t\t\t\t<div class=\"elementor-gallery-item__title\">\n\t\t\t\t\t\t\t\t\t\t\t\t\t\t\t\t\t\tRUB\u00c9N CAMPOS\t\t\t\t\t\t\t\t<\/div>\n\t\t\t\t\t\t\t\t\t\t\t\t<\/div>\n\t\t\t\t\t\t\t\t\t<\/a>\n\t\t\t\t\t<\/div>\n\t\t\t\t\t<\/div>\n\t\t\t\t<\/div>\n\t\t\t\t\t<\/div>\n\t\t<\/div>\n\t\t\t\t\t<\/div>\n\t\t<\/section>\n\t\t\t\t<\/div>\n\t\t","protected":false},"excerpt":{"rendered":"<p>Flamenco guitar in Granada The best flamenco show Flamenco is not understood without the accompaniment of the world-famous Spanish guitar and its characteristic \u2018toque\u2019. Neither is a guitar conceived without the work of the guitarist, a centennial art that overcomes the years and still endures in our city. Nor is the Spanish guitar such an &hellip;<\/p>\n<p class=\"read-more\"> <a class=\"ast-button\" href=\"https:\/\/alboreaflamenco.com\/en\/flamenco-guitar\/\"> <span class=\"screen-reader-text\">Flamenco Guitar Granada<\/span> Read More \u00bb<\/a><\/p>\n","protected":false},"author":3,"featured_media":0,"parent":0,"menu_order":125,"comment_status":"closed","ping_status":"closed","template":"","meta":{"_joinchat":[],"footnotes":""},"class_list":["post-6108","page","type-page","status-publish","hentry"],"yoast_head":"<!-- This site is optimized with the Yoast SEO Premium plugin v25.1 (Yoast SEO v26.2) - https:\/\/yoast.com\/wordpress\/plugins\/seo\/ -->\n<title>Flamenco guitarists Granada |\u00a0Guitar live Show tablao<\/title>\n<meta name=\"description\" content=\"Watch and listen the best guitar artists in Granada. Our tablao offers night show every day. Flamenco guitar concerts. Buy tickets online now!\" \/>\n<meta name=\"robots\" content=\"index, follow, max-snippet:-1, max-image-preview:large, max-video-preview:-1\" \/>\n<link rel=\"canonical\" href=\"https:\/\/alboreaflamenco.com\/en\/flamenco-guitar\/\" \/>\n<meta property=\"og:locale\" content=\"en_US\" \/>\n<meta property=\"og:type\" content=\"article\" \/>\n<meta property=\"og:title\" content=\"Flamenco Guitar Granada\" \/>\n<meta property=\"og:description\" content=\"Watch and listen the best guitar artists in Granada. Our tablao offers night show every day. Flamenco guitar concerts. Buy tickets online now!\" \/>\n<meta property=\"og:url\" content=\"https:\/\/alboreaflamenco.com\/en\/flamenco-guitar\/\" \/>\n<meta property=\"og:site_name\" content=\"La Albore\u00e1\" \/>\n<meta property=\"article:publisher\" content=\"https:\/\/www.facebook.com\/LaAlboreA\" \/>\n<meta property=\"article:modified_time\" content=\"2025-07-01T09:29:46+00:00\" \/>\n<meta property=\"og:image\" content=\"https:\/\/alboreaflamenco.com\/wp-content\/uploads\/2023\/02\/palo-flamenco-la-alborea.jpg\" \/>\n\t<meta property=\"og:image:width\" content=\"1440\" \/>\n\t<meta property=\"og:image:height\" content=\"960\" \/>\n\t<meta property=\"og:image:type\" content=\"image\/jpeg\" \/>\n<meta name=\"twitter:card\" content=\"summary_large_image\" \/>\n<meta name=\"twitter:site\" content=\"@laalborea\" \/>\n<meta name=\"twitter:label1\" content=\"Est. reading time\" \/>\n\t<meta name=\"twitter:data1\" content=\"1 minute\" \/>\n<script type=\"application\/ld+json\" class=\"yoast-schema-graph\">{\"@context\":\"https:\/\/schema.org\",\"@graph\":[{\"@type\":\"WebPage\",\"@id\":\"https:\/\/alboreaflamenco.com\/en\/flamenco-guitar\/\",\"url\":\"https:\/\/alboreaflamenco.com\/en\/flamenco-guitar\/\",\"name\":\"Flamenco guitarists Granada |\u00a0Guitar live Show tablao\",\"isPartOf\":{\"@id\":\"https:\/\/alboreaflamenco.com\/en\/#website\"},\"datePublished\":\"2015-02-11T15:00:56+00:00\",\"dateModified\":\"2025-07-01T09:29:46+00:00\",\"description\":\"Watch and listen the best guitar artists in Granada. Our tablao offers night show every day. Flamenco guitar concerts. Buy tickets online now!\",\"breadcrumb\":{\"@id\":\"https:\/\/alboreaflamenco.com\/en\/flamenco-guitar\/#breadcrumb\"},\"inLanguage\":\"en-US\",\"potentialAction\":[{\"@type\":\"ReadAction\",\"target\":[\"https:\/\/alboreaflamenco.com\/en\/flamenco-guitar\/\"]}]},{\"@type\":\"BreadcrumbList\",\"@id\":\"https:\/\/alboreaflamenco.com\/en\/flamenco-guitar\/#breadcrumb\",\"itemListElement\":[{\"@type\":\"ListItem\",\"position\":1,\"name\":\"Portada\",\"item\":\"https:\/\/alboreaflamenco.com\/en\/\"},{\"@type\":\"ListItem\",\"position\":2,\"name\":\"Flamenco Guitar Granada\"}]},{\"@type\":\"WebSite\",\"@id\":\"https:\/\/alboreaflamenco.com\/en\/#website\",\"url\":\"https:\/\/alboreaflamenco.com\/en\/\",\"name\":\"La Albore\u00e1 Flamenco Granada\",\"description\":\"Tablao Flamenco Granada\",\"publisher\":{\"@id\":\"https:\/\/alboreaflamenco.com\/en\/#organization\"},\"alternateName\":\"Tablao Flamenco La Albore\u00e1\",\"potentialAction\":[{\"@type\":\"SearchAction\",\"target\":{\"@type\":\"EntryPoint\",\"urlTemplate\":\"https:\/\/alboreaflamenco.com\/en\/?s={search_term_string}\"},\"query-input\":{\"@type\":\"PropertyValueSpecification\",\"valueRequired\":true,\"valueName\":\"search_term_string\"}}],\"inLanguage\":\"en-US\"},{\"@type\":\"Organization\",\"@id\":\"https:\/\/alboreaflamenco.com\/en\/#organization\",\"name\":\"La Albore\u00e1 Flamenco Granada\",\"alternateName\":\"Tablao Flamenco La Albore\u00e1\",\"url\":\"https:\/\/alboreaflamenco.com\/en\/\",\"logo\":{\"@type\":\"ImageObject\",\"inLanguage\":\"en-US\",\"@id\":\"https:\/\/alboreaflamenco.com\/en\/#\/schema\/logo\/image\/\",\"url\":\"https:\/\/alboreaflamenco.com\/wp-content\/uploads\/2020\/03\/logo-tablao-alborea-2020.png\",\"contentUrl\":\"https:\/\/alboreaflamenco.com\/wp-content\/uploads\/2020\/03\/logo-tablao-alborea-2020.png\",\"width\":1600,\"height\":878,\"caption\":\"La Albore\u00e1 Flamenco Granada\"},\"image\":{\"@id\":\"https:\/\/alboreaflamenco.com\/en\/#\/schema\/logo\/image\/\"},\"sameAs\":[\"https:\/\/www.facebook.com\/LaAlboreA\",\"https:\/\/x.com\/laalborea\",\"https:\/\/www.instagram.com\/alboreaflamenco\/\"]}]}<\/script>\n<!-- \/ Yoast SEO Premium plugin. -->","yoast_head_json":{"title":"Flamenco guitarists Granada |\u00a0Guitar live Show tablao","description":"Watch and listen the best guitar artists in Granada. Our tablao offers night show every day. Flamenco guitar concerts. Buy tickets online now!","robots":{"index":"index","follow":"follow","max-snippet":"max-snippet:-1","max-image-preview":"max-image-preview:large","max-video-preview":"max-video-preview:-1"},"canonical":"https:\/\/alboreaflamenco.com\/en\/flamenco-guitar\/","og_locale":"en_US","og_type":"article","og_title":"Flamenco Guitar Granada","og_description":"Watch and listen the best guitar artists in Granada. Our tablao offers night show every day. Flamenco guitar concerts. Buy tickets online now!","og_url":"https:\/\/alboreaflamenco.com\/en\/flamenco-guitar\/","og_site_name":"La Albore\u00e1","article_publisher":"https:\/\/www.facebook.com\/LaAlboreA","article_modified_time":"2025-07-01T09:29:46+00:00","og_image":[{"width":1440,"height":960,"url":"https:\/\/alboreaflamenco.com\/wp-content\/uploads\/2023\/02\/palo-flamenco-la-alborea.jpg","type":"image\/jpeg"}],"twitter_card":"summary_large_image","twitter_site":"@laalborea","twitter_misc":{"Est. reading time":"1 minute"},"schema":{"@context":"https:\/\/schema.org","@graph":[{"@type":"WebPage","@id":"https:\/\/alboreaflamenco.com\/en\/flamenco-guitar\/","url":"https:\/\/alboreaflamenco.com\/en\/flamenco-guitar\/","name":"Flamenco guitarists Granada |\u00a0Guitar live Show tablao","isPartOf":{"@id":"https:\/\/alboreaflamenco.com\/en\/#website"},"datePublished":"2015-02-11T15:00:56+00:00","dateModified":"2025-07-01T09:29:46+00:00","description":"Watch and listen the best guitar artists in Granada. Our tablao offers night show every day. Flamenco guitar concerts. Buy tickets online now!","breadcrumb":{"@id":"https:\/\/alboreaflamenco.com\/en\/flamenco-guitar\/#breadcrumb"},"inLanguage":"en-US","potentialAction":[{"@type":"ReadAction","target":["https:\/\/alboreaflamenco.com\/en\/flamenco-guitar\/"]}]},{"@type":"BreadcrumbList","@id":"https:\/\/alboreaflamenco.com\/en\/flamenco-guitar\/#breadcrumb","itemListElement":[{"@type":"ListItem","position":1,"name":"Portada","item":"https:\/\/alboreaflamenco.com\/en\/"},{"@type":"ListItem","position":2,"name":"Flamenco Guitar Granada"}]},{"@type":"WebSite","@id":"https:\/\/alboreaflamenco.com\/en\/#website","url":"https:\/\/alboreaflamenco.com\/en\/","name":"La Albore\u00e1 Flamenco Granada","description":"Tablao Flamenco Granada","publisher":{"@id":"https:\/\/alboreaflamenco.com\/en\/#organization"},"alternateName":"Tablao Flamenco La Albore\u00e1","potentialAction":[{"@type":"SearchAction","target":{"@type":"EntryPoint","urlTemplate":"https:\/\/alboreaflamenco.com\/en\/?s={search_term_string}"},"query-input":{"@type":"PropertyValueSpecification","valueRequired":true,"valueName":"search_term_string"}}],"inLanguage":"en-US"},{"@type":"Organization","@id":"https:\/\/alboreaflamenco.com\/en\/#organization","name":"La Albore\u00e1 Flamenco Granada","alternateName":"Tablao Flamenco La Albore\u00e1","url":"https:\/\/alboreaflamenco.com\/en\/","logo":{"@type":"ImageObject","inLanguage":"en-US","@id":"https:\/\/alboreaflamenco.com\/en\/#\/schema\/logo\/image\/","url":"https:\/\/alboreaflamenco.com\/wp-content\/uploads\/2020\/03\/logo-tablao-alborea-2020.png","contentUrl":"https:\/\/alboreaflamenco.com\/wp-content\/uploads\/2020\/03\/logo-tablao-alborea-2020.png","width":1600,"height":878,"caption":"La Albore\u00e1 Flamenco Granada"},"image":{"@id":"https:\/\/alboreaflamenco.com\/en\/#\/schema\/logo\/image\/"},"sameAs":["https:\/\/www.facebook.com\/LaAlboreA","https:\/\/x.com\/laalborea","https:\/\/www.instagram.com\/alboreaflamenco\/"]}]}},"_links":{"self":[{"href":"https:\/\/alboreaflamenco.com\/en\/wp-json\/wp\/v2\/pages\/6108","targetHints":{"allow":["GET"]}}],"collection":[{"href":"https:\/\/alboreaflamenco.com\/en\/wp-json\/wp\/v2\/pages"}],"about":[{"href":"https:\/\/alboreaflamenco.com\/en\/wp-json\/wp\/v2\/types\/page"}],"author":[{"embeddable":true,"href":"https:\/\/alboreaflamenco.com\/en\/wp-json\/wp\/v2\/users\/3"}],"replies":[{"embeddable":true,"href":"https:\/\/alboreaflamenco.com\/en\/wp-json\/wp\/v2\/comments?post=6108"}],"version-history":[{"count":15,"href":"https:\/\/alboreaflamenco.com\/en\/wp-json\/wp\/v2\/pages\/6108\/revisions"}],"predecessor-version":[{"id":112071,"href":"https:\/\/alboreaflamenco.com\/en\/wp-json\/wp\/v2\/pages\/6108\/revisions\/112071"}],"wp:attachment":[{"href":"https:\/\/alboreaflamenco.com\/en\/wp-json\/wp\/v2\/media?parent=6108"}],"curies":[{"name":"wp","href":"https:\/\/api.w.org\/{rel}","templated":true}]}}