{"id":109176,"date":"2022-06-23T12:48:09","date_gmt":"2022-06-23T10:48:09","guid":{"rendered":"https:\/\/alboreaflamenco.com\/jai-deja-mon-billet-que-dois-je-savoir\/"},"modified":"2022-06-23T12:48:33","modified_gmt":"2022-06-23T10:48:33","slug":"jai-deja-mon-billet-que-dois-je-savoir","status":"publish","type":"page","link":"https:\/\/alboreaflamenco.com\/fr\/jai-deja-mon-billet-que-dois-je-savoir\/","title":{"rendered":"J&rsquo;ai d\u00e9j\u00e0 mon billet. Que dois-je savoir ?"},"content":{"rendered":"\t\t<div data-elementor-type=\"wp-page\" data-elementor-id=\"109176\" class=\"elementor elementor-109176 elementor-109135\" data-elementor-post-type=\"page\">\n\t\t\t\t\t\t<section class=\"elementor-section elementor-top-section elementor-element elementor-element-e675520 elementor-section-boxed elementor-section-height-default elementor-section-height-default\" data-id=\"e675520\" data-element_type=\"section\">\n\t\t\t\t\t\t<div class=\"elementor-container elementor-column-gap-default\">\n\t\t\t\t\t<div class=\"elementor-column elementor-col-100 elementor-top-column elementor-element elementor-element-694fd98\" data-id=\"694fd98\" data-element_type=\"column\">\n\t\t\t<div class=\"elementor-widget-wrap elementor-element-populated\">\n\t\t\t\t\t\t<div class=\"elementor-element elementor-element-7eef337 elementor-widget elementor-widget-heading\" data-id=\"7eef337\" data-element_type=\"widget\" data-widget_type=\"heading.default\">\n\t\t\t\t<div class=\"elementor-widget-container\">\n\t\t\t\t\t<h2 class=\"elementor-heading-title elementor-size-default\">J'ai d\u00e9j\u00e0 mon billet. Que dois-je savoir ?<\/h2>\t\t\t\t<\/div>\n\t\t\t\t<\/div>\n\t\t\t\t<div class=\"elementor-element elementor-element-d0759cb elementor-widget elementor-widget-text-editor\" data-id=\"d0759cb\" data-element_type=\"widget\" data-widget_type=\"text-editor.default\">\n\t\t\t\t<div class=\"elementor-widget-container\">\n\t\t\t\t\t\t\t\t\t<p>Les propri\u00e9taires de l&rsquo;\u00e9tablissement, l&rsquo;organisateur du spectacle, ainsi que le personnel, sont tenus d&#8217;emp\u00eacher les personnes d&rsquo;acc\u00e9der \u00e0 l&rsquo;\u00e9tablissement et, le cas \u00e9ch\u00e9ant, leur s\u00e9jour dans celui-ci, dans les cas suivants:<\/p>\n<ol>\n<li>L&rsquo;acc\u00e8s \u00e0 la salle peut \u00eatre refus\u00e9 20 minutes apr\u00e8s le d\u00e9but du spectacle, \u00e0 condition que l&rsquo;entr\u00e9e de la salle avec retard puisse \u00eatre g\u00eanante pour le reste des clients situ\u00e9s dans leurs si\u00e8ges respectifs.<\/li>\n<li>Toute personne accompagn\u00e9e d&rsquo;animaux peut se voir refuser l&rsquo;acc\u00e8s \u00e0 l&rsquo;exception des chiens-guides.<\/li>\n<li>L&rsquo;acc\u00e8s \u00e0 la salle peut \u00eatre refus\u00e9 lorsque la personne qui a l&rsquo;intention d&rsquo;acc\u00e9der \u00e0 l&rsquo;\u00e9tablissement ou qui s&rsquo;y trouve, manifeste des comportements de toutes sortes qui violent l&rsquo;ordre social en g\u00e9n\u00e9ral ou causent de l&rsquo;inconfort \u00e0 d&rsquo;autres spectateurs en entravant le d\u00e9veloppement normal du spectacle.<\/li>\n<li>Les si\u00e8ges assign\u00e9s \u00e0 chaque client peuvent \u00eatre lib\u00e9r\u00e9s apr\u00e8s 10 minutes \u00e0 compter du d\u00e9but du spectacle.<\/li>\n<li>Les enfants \u00e2g\u00e9s de 0 \u00e0 4 ans n&rsquo;ont pas de lieu r\u00e9serv\u00e9. La direction de La Albore\u00e1 peut attribuer un fauteuil aux enfants de cette tranche d&rsquo;\u00e2ge, \u00e0 condition que 100% de la capacit\u00e9 ne soit pas atteinte.<\/li>\n<li>La direction de La Albore\u00e1 peut exiger des parents\/accompagnateurs d&rsquo;enfants \u00e2g\u00e9s de 0 \u00e0 4 ans qu&rsquo;ils quittent la salle au cas o\u00f9 ils entraveraient le d\u00e9veloppement normal du spectacle.<\/li>\n<li>L&rsquo;ouverture des portes a lieu entre 25 et 30 minutes avant le d\u00e9but du spectacle.<\/li>\n<\/ol>\n\t\t\t\t\t\t\t\t<\/div>\n\t\t\t\t<\/div>\n\t\t\t\t\t<\/div>\n\t\t<\/div>\n\t\t\t\t\t<\/div>\n\t\t<\/section>\n\t\t\t\t<\/div>\n\t\t","protected":false},"excerpt":{"rendered":"<p>J&rsquo;ai d\u00e9j\u00e0 mon billet. Que dois-je savoir ? Les propri\u00e9taires de l&rsquo;\u00e9tablissement, l&rsquo;organisateur du spectacle, ainsi que le personnel, sont tenus d&#8217;emp\u00eacher les personnes d&rsquo;acc\u00e9der \u00e0 l&rsquo;\u00e9tablissement et, le cas \u00e9ch\u00e9ant, leur s\u00e9jour dans celui-ci, dans les cas suivants: L&rsquo;acc\u00e8s \u00e0 la salle peut \u00eatre refus\u00e9 20 minutes apr\u00e8s le d\u00e9but du spectacle, \u00e0 condition &hellip;<\/p>\n<p class=\"read-more\"> <a class=\"ast-button\" href=\"https:\/\/alboreaflamenco.com\/fr\/jai-deja-mon-billet-que-dois-je-savoir\/\"> <span class=\"screen-reader-text\">J&rsquo;ai d\u00e9j\u00e0 mon billet. Que dois-je savoir ?<\/span> Lire la suite \u00bb<\/a><\/p>\n","protected":false},"author":5,"featured_media":0,"parent":0,"menu_order":0,"comment_status":"closed","ping_status":"closed","template":"","meta":{"_joinchat":[],"footnotes":""},"class_list":["post-109176","page","type-page","status-publish","hentry"],"yoast_head":"<!-- This site is optimized with the Yoast SEO Premium plugin v25.1 (Yoast SEO v26.2) - https:\/\/yoast.com\/wordpress\/plugins\/seo\/ -->\n<title>J&#039;ai d\u00e9j\u00e0 mon billet. Que dois-je savoir ? - La Albore\u00e1<\/title>\n<meta name=\"description\" content=\"Les propri\u00e9taires de l&#039;\u00e9tablissement, l&#039;organisateur du spectacle, ainsi que le personnel, sont tenus d&#039;emp\u00eacher les personnes d&#039;acc\u00e9der \u00e0 l&#039;\u00e9tablissement et, le cas \u00e9ch\u00e9ant, leur s\u00e9jour dans celui-ci, dans les cas suivants.\" \/>\n<meta name=\"robots\" content=\"noindex, nofollow\" \/>\n<meta property=\"og:locale\" content=\"fr_FR\" \/>\n<meta property=\"og:type\" content=\"article\" \/>\n<meta property=\"og:title\" content=\"J&#039;ai d\u00e9j\u00e0 mon billet. Que dois-je savoir ?\" \/>\n<meta property=\"og:description\" content=\"Les propri\u00e9taires de l&#039;\u00e9tablissement, l&#039;organisateur du spectacle, ainsi que le personnel, sont tenus d&#039;emp\u00eacher les personnes d&#039;acc\u00e9der \u00e0 l&#039;\u00e9tablissement et, le cas \u00e9ch\u00e9ant, leur s\u00e9jour dans celui-ci, dans les cas suivants.\" \/>\n<meta property=\"og:url\" content=\"https:\/\/alboreaflamenco.com\/fr\/jai-deja-mon-billet-que-dois-je-savoir\/\" \/>\n<meta property=\"og:site_name\" content=\"La Albore\u00e1\" \/>\n<meta property=\"article:publisher\" content=\"https:\/\/www.facebook.com\/LaAlboreA\" \/>\n<meta property=\"article:modified_time\" content=\"2022-06-23T10:48:33+00:00\" \/>\n<meta property=\"og:image\" content=\"https:\/\/alboreaflamenco.com\/wp-content\/uploads\/2023\/02\/palo-flamenco-la-alborea.jpg\" \/>\n\t<meta property=\"og:image:width\" content=\"1440\" \/>\n\t<meta property=\"og:image:height\" content=\"960\" \/>\n\t<meta property=\"og:image:type\" content=\"image\/jpeg\" \/>\n<meta name=\"twitter:card\" content=\"summary_large_image\" \/>\n<meta name=\"twitter:site\" content=\"@laalborea\" \/>\n<meta name=\"twitter:label1\" content=\"Dur\u00e9e de lecture estim\u00e9e\" \/>\n\t<meta name=\"twitter:data1\" content=\"1 minute\" \/>\n<script type=\"application\/ld+json\" class=\"yoast-schema-graph\">{\"@context\":\"https:\/\/schema.org\",\"@graph\":[{\"@type\":\"WebPage\",\"@id\":\"https:\/\/alboreaflamenco.com\/fr\/jai-deja-mon-billet-que-dois-je-savoir\/\",\"url\":\"https:\/\/alboreaflamenco.com\/fr\/jai-deja-mon-billet-que-dois-je-savoir\/\",\"name\":\"J'ai d\u00e9j\u00e0 mon billet. Que dois-je savoir ? - La Albore\u00e1\",\"isPartOf\":{\"@id\":\"https:\/\/alboreaflamenco.com\/fr\/#website\"},\"datePublished\":\"2022-06-23T10:48:09+00:00\",\"dateModified\":\"2022-06-23T10:48:33+00:00\",\"description\":\"Les propri\u00e9taires de l'\u00e9tablissement, l'organisateur du spectacle, ainsi que le personnel, sont tenus d'emp\u00eacher les personnes d'acc\u00e9der \u00e0 l'\u00e9tablissement et, le cas \u00e9ch\u00e9ant, leur s\u00e9jour dans celui-ci, dans les cas suivants.\",\"breadcrumb\":{\"@id\":\"https:\/\/alboreaflamenco.com\/fr\/jai-deja-mon-billet-que-dois-je-savoir\/#breadcrumb\"},\"inLanguage\":\"fr-FR\",\"potentialAction\":[{\"@type\":\"ReadAction\",\"target\":[\"https:\/\/alboreaflamenco.com\/fr\/jai-deja-mon-billet-que-dois-je-savoir\/\"]}]},{\"@type\":\"BreadcrumbList\",\"@id\":\"https:\/\/alboreaflamenco.com\/fr\/jai-deja-mon-billet-que-dois-je-savoir\/#breadcrumb\",\"itemListElement\":[{\"@type\":\"ListItem\",\"position\":1,\"name\":\"Portada\",\"item\":\"https:\/\/alboreaflamenco.com\/fr\/\"},{\"@type\":\"ListItem\",\"position\":2,\"name\":\"J&rsquo;ai d\u00e9j\u00e0 mon billet. Que dois-je savoir ?\"}]},{\"@type\":\"WebSite\",\"@id\":\"https:\/\/alboreaflamenco.com\/fr\/#website\",\"url\":\"https:\/\/alboreaflamenco.com\/fr\/\",\"name\":\"La Albore\u00e1 Flamenco Granada\",\"description\":\"Tablao Flamenco Granada\",\"publisher\":{\"@id\":\"https:\/\/alboreaflamenco.com\/fr\/#organization\"},\"alternateName\":\"Tablao Flamenco La Albore\u00e1\",\"potentialAction\":[{\"@type\":\"SearchAction\",\"target\":{\"@type\":\"EntryPoint\",\"urlTemplate\":\"https:\/\/alboreaflamenco.com\/fr\/?s={search_term_string}\"},\"query-input\":{\"@type\":\"PropertyValueSpecification\",\"valueRequired\":true,\"valueName\":\"search_term_string\"}}],\"inLanguage\":\"fr-FR\"},{\"@type\":\"Organization\",\"@id\":\"https:\/\/alboreaflamenco.com\/fr\/#organization\",\"name\":\"La Albore\u00e1 Flamenco Granada\",\"alternateName\":\"Tablao Flamenco La Albore\u00e1\",\"url\":\"https:\/\/alboreaflamenco.com\/fr\/\",\"logo\":{\"@type\":\"ImageObject\",\"inLanguage\":\"fr-FR\",\"@id\":\"https:\/\/alboreaflamenco.com\/fr\/#\/schema\/logo\/image\/\",\"url\":\"https:\/\/alboreaflamenco.com\/wp-content\/uploads\/2020\/03\/logo-tablao-alborea-2020.png\",\"contentUrl\":\"https:\/\/alboreaflamenco.com\/wp-content\/uploads\/2020\/03\/logo-tablao-alborea-2020.png\",\"width\":1600,\"height\":878,\"caption\":\"La Albore\u00e1 Flamenco Granada\"},\"image\":{\"@id\":\"https:\/\/alboreaflamenco.com\/fr\/#\/schema\/logo\/image\/\"},\"sameAs\":[\"https:\/\/www.facebook.com\/LaAlboreA\",\"https:\/\/x.com\/laalborea\",\"https:\/\/www.instagram.com\/alboreaflamenco\/\"]}]}<\/script>\n<!-- \/ Yoast SEO Premium plugin. -->","yoast_head_json":{"title":"J'ai d\u00e9j\u00e0 mon billet. Que dois-je savoir ? - La Albore\u00e1","description":"Les propri\u00e9taires de l'\u00e9tablissement, l'organisateur du spectacle, ainsi que le personnel, sont tenus d'emp\u00eacher les personnes d'acc\u00e9der \u00e0 l'\u00e9tablissement et, le cas \u00e9ch\u00e9ant, leur s\u00e9jour dans celui-ci, dans les cas suivants.","robots":{"index":"noindex","follow":"nofollow"},"og_locale":"fr_FR","og_type":"article","og_title":"J'ai d\u00e9j\u00e0 mon billet. Que dois-je savoir ?","og_description":"Les propri\u00e9taires de l'\u00e9tablissement, l'organisateur du spectacle, ainsi que le personnel, sont tenus d'emp\u00eacher les personnes d'acc\u00e9der \u00e0 l'\u00e9tablissement et, le cas \u00e9ch\u00e9ant, leur s\u00e9jour dans celui-ci, dans les cas suivants.","og_url":"https:\/\/alboreaflamenco.com\/fr\/jai-deja-mon-billet-que-dois-je-savoir\/","og_site_name":"La Albore\u00e1","article_publisher":"https:\/\/www.facebook.com\/LaAlboreA","article_modified_time":"2022-06-23T10:48:33+00:00","og_image":[{"width":1440,"height":960,"url":"https:\/\/alboreaflamenco.com\/wp-content\/uploads\/2023\/02\/palo-flamenco-la-alborea.jpg","type":"image\/jpeg"}],"twitter_card":"summary_large_image","twitter_site":"@laalborea","twitter_misc":{"Dur\u00e9e de lecture estim\u00e9e":"1 minute"},"schema":{"@context":"https:\/\/schema.org","@graph":[{"@type":"WebPage","@id":"https:\/\/alboreaflamenco.com\/fr\/jai-deja-mon-billet-que-dois-je-savoir\/","url":"https:\/\/alboreaflamenco.com\/fr\/jai-deja-mon-billet-que-dois-je-savoir\/","name":"J'ai d\u00e9j\u00e0 mon billet. Que dois-je savoir ? - La Albore\u00e1","isPartOf":{"@id":"https:\/\/alboreaflamenco.com\/fr\/#website"},"datePublished":"2022-06-23T10:48:09+00:00","dateModified":"2022-06-23T10:48:33+00:00","description":"Les propri\u00e9taires de l'\u00e9tablissement, l'organisateur du spectacle, ainsi que le personnel, sont tenus d'emp\u00eacher les personnes d'acc\u00e9der \u00e0 l'\u00e9tablissement et, le cas \u00e9ch\u00e9ant, leur s\u00e9jour dans celui-ci, dans les cas suivants.","breadcrumb":{"@id":"https:\/\/alboreaflamenco.com\/fr\/jai-deja-mon-billet-que-dois-je-savoir\/#breadcrumb"},"inLanguage":"fr-FR","potentialAction":[{"@type":"ReadAction","target":["https:\/\/alboreaflamenco.com\/fr\/jai-deja-mon-billet-que-dois-je-savoir\/"]}]},{"@type":"BreadcrumbList","@id":"https:\/\/alboreaflamenco.com\/fr\/jai-deja-mon-billet-que-dois-je-savoir\/#breadcrumb","itemListElement":[{"@type":"ListItem","position":1,"name":"Portada","item":"https:\/\/alboreaflamenco.com\/fr\/"},{"@type":"ListItem","position":2,"name":"J&rsquo;ai d\u00e9j\u00e0 mon billet. Que dois-je savoir ?"}]},{"@type":"WebSite","@id":"https:\/\/alboreaflamenco.com\/fr\/#website","url":"https:\/\/alboreaflamenco.com\/fr\/","name":"La Albore\u00e1 Flamenco Granada","description":"Tablao Flamenco Granada","publisher":{"@id":"https:\/\/alboreaflamenco.com\/fr\/#organization"},"alternateName":"Tablao Flamenco La Albore\u00e1","potentialAction":[{"@type":"SearchAction","target":{"@type":"EntryPoint","urlTemplate":"https:\/\/alboreaflamenco.com\/fr\/?s={search_term_string}"},"query-input":{"@type":"PropertyValueSpecification","valueRequired":true,"valueName":"search_term_string"}}],"inLanguage":"fr-FR"},{"@type":"Organization","@id":"https:\/\/alboreaflamenco.com\/fr\/#organization","name":"La Albore\u00e1 Flamenco Granada","alternateName":"Tablao Flamenco La Albore\u00e1","url":"https:\/\/alboreaflamenco.com\/fr\/","logo":{"@type":"ImageObject","inLanguage":"fr-FR","@id":"https:\/\/alboreaflamenco.com\/fr\/#\/schema\/logo\/image\/","url":"https:\/\/alboreaflamenco.com\/wp-content\/uploads\/2020\/03\/logo-tablao-alborea-2020.png","contentUrl":"https:\/\/alboreaflamenco.com\/wp-content\/uploads\/2020\/03\/logo-tablao-alborea-2020.png","width":1600,"height":878,"caption":"La Albore\u00e1 Flamenco Granada"},"image":{"@id":"https:\/\/alboreaflamenco.com\/fr\/#\/schema\/logo\/image\/"},"sameAs":["https:\/\/www.facebook.com\/LaAlboreA","https:\/\/x.com\/laalborea","https:\/\/www.instagram.com\/alboreaflamenco\/"]}]}},"_links":{"self":[{"href":"https:\/\/alboreaflamenco.com\/fr\/wp-json\/wp\/v2\/pages\/109176","targetHints":{"allow":["GET"]}}],"collection":[{"href":"https:\/\/alboreaflamenco.com\/fr\/wp-json\/wp\/v2\/pages"}],"about":[{"href":"https:\/\/alboreaflamenco.com\/fr\/wp-json\/wp\/v2\/types\/page"}],"author":[{"embeddable":true,"href":"https:\/\/alboreaflamenco.com\/fr\/wp-json\/wp\/v2\/users\/5"}],"replies":[{"embeddable":true,"href":"https:\/\/alboreaflamenco.com\/fr\/wp-json\/wp\/v2\/comments?post=109176"}],"version-history":[{"count":5,"href":"https:\/\/alboreaflamenco.com\/fr\/wp-json\/wp\/v2\/pages\/109176\/revisions"}],"predecessor-version":[{"id":109181,"href":"https:\/\/alboreaflamenco.com\/fr\/wp-json\/wp\/v2\/pages\/109176\/revisions\/109181"}],"wp:attachment":[{"href":"https:\/\/alboreaflamenco.com\/fr\/wp-json\/wp\/v2\/media?parent=109176"}],"curies":[{"name":"wp","href":"https:\/\/api.w.org\/{rel}","templated":true}]}}