{"id":21613,"date":"2019-12-30T19:06:08","date_gmt":"2019-12-30T18:06:08","guid":{"rendered":"http:\/\/alboreaflamenco.com\/?page_id=21613"},"modified":"2025-07-01T11:40:07","modified_gmt":"2025-07-01T09:40:07","slug":"billets-flamenco","status":"publish","type":"page","link":"https:\/\/alboreaflamenco.com\/fr\/billets-flamenco\/","title":{"rendered":"billets flamenco"},"content":{"rendered":"\t\t<div data-elementor-type=\"wp-page\" data-elementor-id=\"21613\" class=\"elementor elementor-21613\" data-elementor-post-type=\"page\">\n\t\t\t\t\t\t<section class=\"elementor-section elementor-top-section elementor-element elementor-element-2634a95e elementor-section-boxed elementor-section-height-default elementor-section-height-default\" data-id=\"2634a95e\" data-element_type=\"section\" data-settings=\"{&quot;background_background&quot;:&quot;classic&quot;}\">\n\t\t\t\t\t\t<div class=\"elementor-container elementor-column-gap-default\">\n\t\t\t\t\t<div class=\"elementor-column elementor-col-100 elementor-top-column elementor-element elementor-element-33ae4538\" data-id=\"33ae4538\" data-element_type=\"column\">\n\t\t\t<div class=\"elementor-widget-wrap elementor-element-populated\">\n\t\t\t\t\t\t<div class=\"elementor-element elementor-element-74abd1e elementor-align-center elementor-widget elementor-widget-button\" data-id=\"74abd1e\" data-element_type=\"widget\" data-widget_type=\"button.default\">\n\t\t\t\t<div class=\"elementor-widget-container\">\n\t\t\t\t\t\t\t\t\t<div class=\"elementor-button-wrapper\">\n\t\t\t\t\t<a class=\"elementor-button elementor-button-link elementor-size-sm\" href=\"?tck=a3433af3-be30-4d3b-8b2d-b59ffd5544f0\">\n\t\t\t\t\t\t<span class=\"elementor-button-content-wrapper\">\n\t\t\t\t\t\t\t\t\t<span class=\"elementor-button-text\">Acheter billets<\/span>\n\t\t\t\t\t<\/span>\n\t\t\t\t\t<\/a>\n\t\t\t\t<\/div>\n\t\t\t\t\t\t\t\t<\/div>\n\t\t\t\t<\/div>\n\t\t\t\t\t<\/div>\n\t\t<\/div>\n\t\t\t\t\t<\/div>\n\t\t<\/section>\n\t\t\t\t<\/div>\n\t\t","protected":false},"excerpt":{"rendered":"<p>Acheter billets<\/p>\n","protected":false},"author":8,"featured_media":0,"parent":0,"menu_order":0,"comment_status":"closed","ping_status":"closed","template":"","meta":{"_joinchat":[],"footnotes":""},"class_list":["post-21613","page","type-page","status-publish","hentry"],"yoast_head":"<!-- This site is optimized with the Yoast SEO Premium plugin v25.1 (Yoast SEO v26.2) - https:\/\/yoast.com\/wordpress\/plugins\/seo\/ -->\n<title>Acheter billets pour le spectacle de flamenco \u00e0 Grenade<\/title>\n<meta name=\"description\" content=\"Chaque soir, nous avons un artiste de flamenco dans notre \u00e9mission. Achetez votre billet ou votre entr\u00e9e en ligne et profitez des rabais exclusifs! Venez!\" \/>\n<meta name=\"robots\" content=\"index, follow, max-snippet:-1, max-image-preview:large, max-video-preview:-1\" \/>\n<link rel=\"canonical\" href=\"https:\/\/alboreaflamenco.com\/fr\/billets-flamenco\/\" \/>\n<meta property=\"og:locale\" content=\"fr_FR\" \/>\n<meta property=\"og:type\" content=\"article\" \/>\n<meta property=\"og:title\" content=\"billets flamenco\" \/>\n<meta property=\"og:description\" content=\"Chaque soir, nous avons un artiste de flamenco dans notre \u00e9mission. Achetez votre billet ou votre entr\u00e9e en ligne et profitez des rabais exclusifs! Venez!\" \/>\n<meta property=\"og:url\" content=\"https:\/\/alboreaflamenco.com\/fr\/billets-flamenco\/\" \/>\n<meta property=\"og:site_name\" content=\"La Albore\u00e1\" \/>\n<meta property=\"article:publisher\" content=\"https:\/\/www.facebook.com\/LaAlboreA\" \/>\n<meta property=\"article:modified_time\" content=\"2025-07-01T09:40:07+00:00\" \/>\n<meta property=\"og:image\" content=\"https:\/\/alboreaflamenco.com\/wp-content\/uploads\/2023\/02\/palo-flamenco-la-alborea.jpg\" \/>\n\t<meta property=\"og:image:width\" content=\"1440\" \/>\n\t<meta property=\"og:image:height\" content=\"960\" \/>\n\t<meta property=\"og:image:type\" content=\"image\/jpeg\" \/>\n<meta name=\"twitter:card\" content=\"summary_large_image\" \/>\n<meta name=\"twitter:site\" content=\"@laalborea\" \/>\n<script type=\"application\/ld+json\" class=\"yoast-schema-graph\">{\"@context\":\"https:\/\/schema.org\",\"@graph\":[{\"@type\":\"WebPage\",\"@id\":\"https:\/\/alboreaflamenco.com\/fr\/billets-flamenco\/\",\"url\":\"https:\/\/alboreaflamenco.com\/fr\/billets-flamenco\/\",\"name\":\"Acheter billets pour le spectacle de flamenco \u00e0 Grenade\",\"isPartOf\":{\"@id\":\"https:\/\/alboreaflamenco.com\/fr\/#website\"},\"datePublished\":\"2019-12-30T18:06:08+00:00\",\"dateModified\":\"2025-07-01T09:40:07+00:00\",\"description\":\"Chaque soir, nous avons un artiste de flamenco dans notre \u00e9mission. Achetez votre billet ou votre entr\u00e9e en ligne et profitez des rabais exclusifs! Venez!\",\"breadcrumb\":{\"@id\":\"https:\/\/alboreaflamenco.com\/fr\/billets-flamenco\/#breadcrumb\"},\"inLanguage\":\"fr-FR\",\"potentialAction\":[{\"@type\":\"ReadAction\",\"target\":[\"https:\/\/alboreaflamenco.com\/fr\/billets-flamenco\/\"]}]},{\"@type\":\"BreadcrumbList\",\"@id\":\"https:\/\/alboreaflamenco.com\/fr\/billets-flamenco\/#breadcrumb\",\"itemListElement\":[{\"@type\":\"ListItem\",\"position\":1,\"name\":\"Portada\",\"item\":\"https:\/\/alboreaflamenco.com\/fr\/\"},{\"@type\":\"ListItem\",\"position\":2,\"name\":\"billets flamenco\"}]},{\"@type\":\"WebSite\",\"@id\":\"https:\/\/alboreaflamenco.com\/fr\/#website\",\"url\":\"https:\/\/alboreaflamenco.com\/fr\/\",\"name\":\"La Albore\u00e1 Flamenco Granada\",\"description\":\"Tablao Flamenco Granada\",\"publisher\":{\"@id\":\"https:\/\/alboreaflamenco.com\/fr\/#organization\"},\"alternateName\":\"Tablao Flamenco La Albore\u00e1\",\"potentialAction\":[{\"@type\":\"SearchAction\",\"target\":{\"@type\":\"EntryPoint\",\"urlTemplate\":\"https:\/\/alboreaflamenco.com\/fr\/?s={search_term_string}\"},\"query-input\":{\"@type\":\"PropertyValueSpecification\",\"valueRequired\":true,\"valueName\":\"search_term_string\"}}],\"inLanguage\":\"fr-FR\"},{\"@type\":\"Organization\",\"@id\":\"https:\/\/alboreaflamenco.com\/fr\/#organization\",\"name\":\"La Albore\u00e1 Flamenco Granada\",\"alternateName\":\"Tablao Flamenco La Albore\u00e1\",\"url\":\"https:\/\/alboreaflamenco.com\/fr\/\",\"logo\":{\"@type\":\"ImageObject\",\"inLanguage\":\"fr-FR\",\"@id\":\"https:\/\/alboreaflamenco.com\/fr\/#\/schema\/logo\/image\/\",\"url\":\"https:\/\/alboreaflamenco.com\/wp-content\/uploads\/2020\/03\/logo-tablao-alborea-2020.png\",\"contentUrl\":\"https:\/\/alboreaflamenco.com\/wp-content\/uploads\/2020\/03\/logo-tablao-alborea-2020.png\",\"width\":1600,\"height\":878,\"caption\":\"La Albore\u00e1 Flamenco Granada\"},\"image\":{\"@id\":\"https:\/\/alboreaflamenco.com\/fr\/#\/schema\/logo\/image\/\"},\"sameAs\":[\"https:\/\/www.facebook.com\/LaAlboreA\",\"https:\/\/x.com\/laalborea\",\"https:\/\/www.instagram.com\/alboreaflamenco\/\"]}]}<\/script>\n<!-- \/ Yoast SEO Premium plugin. -->","yoast_head_json":{"title":"Acheter billets pour le spectacle de flamenco \u00e0 Grenade","description":"Chaque soir, nous avons un artiste de flamenco dans notre \u00e9mission. Achetez votre billet ou votre entr\u00e9e en ligne et profitez des rabais exclusifs! Venez!","robots":{"index":"index","follow":"follow","max-snippet":"max-snippet:-1","max-image-preview":"max-image-preview:large","max-video-preview":"max-video-preview:-1"},"canonical":"https:\/\/alboreaflamenco.com\/fr\/billets-flamenco\/","og_locale":"fr_FR","og_type":"article","og_title":"billets flamenco","og_description":"Chaque soir, nous avons un artiste de flamenco dans notre \u00e9mission. Achetez votre billet ou votre entr\u00e9e en ligne et profitez des rabais exclusifs! Venez!","og_url":"https:\/\/alboreaflamenco.com\/fr\/billets-flamenco\/","og_site_name":"La Albore\u00e1","article_publisher":"https:\/\/www.facebook.com\/LaAlboreA","article_modified_time":"2025-07-01T09:40:07+00:00","og_image":[{"width":1440,"height":960,"url":"https:\/\/alboreaflamenco.com\/wp-content\/uploads\/2023\/02\/palo-flamenco-la-alborea.jpg","type":"image\/jpeg"}],"twitter_card":"summary_large_image","twitter_site":"@laalborea","schema":{"@context":"https:\/\/schema.org","@graph":[{"@type":"WebPage","@id":"https:\/\/alboreaflamenco.com\/fr\/billets-flamenco\/","url":"https:\/\/alboreaflamenco.com\/fr\/billets-flamenco\/","name":"Acheter billets pour le spectacle de flamenco \u00e0 Grenade","isPartOf":{"@id":"https:\/\/alboreaflamenco.com\/fr\/#website"},"datePublished":"2019-12-30T18:06:08+00:00","dateModified":"2025-07-01T09:40:07+00:00","description":"Chaque soir, nous avons un artiste de flamenco dans notre \u00e9mission. Achetez votre billet ou votre entr\u00e9e en ligne et profitez des rabais exclusifs! Venez!","breadcrumb":{"@id":"https:\/\/alboreaflamenco.com\/fr\/billets-flamenco\/#breadcrumb"},"inLanguage":"fr-FR","potentialAction":[{"@type":"ReadAction","target":["https:\/\/alboreaflamenco.com\/fr\/billets-flamenco\/"]}]},{"@type":"BreadcrumbList","@id":"https:\/\/alboreaflamenco.com\/fr\/billets-flamenco\/#breadcrumb","itemListElement":[{"@type":"ListItem","position":1,"name":"Portada","item":"https:\/\/alboreaflamenco.com\/fr\/"},{"@type":"ListItem","position":2,"name":"billets flamenco"}]},{"@type":"WebSite","@id":"https:\/\/alboreaflamenco.com\/fr\/#website","url":"https:\/\/alboreaflamenco.com\/fr\/","name":"La Albore\u00e1 Flamenco Granada","description":"Tablao Flamenco Granada","publisher":{"@id":"https:\/\/alboreaflamenco.com\/fr\/#organization"},"alternateName":"Tablao Flamenco La Albore\u00e1","potentialAction":[{"@type":"SearchAction","target":{"@type":"EntryPoint","urlTemplate":"https:\/\/alboreaflamenco.com\/fr\/?s={search_term_string}"},"query-input":{"@type":"PropertyValueSpecification","valueRequired":true,"valueName":"search_term_string"}}],"inLanguage":"fr-FR"},{"@type":"Organization","@id":"https:\/\/alboreaflamenco.com\/fr\/#organization","name":"La Albore\u00e1 Flamenco Granada","alternateName":"Tablao Flamenco La Albore\u00e1","url":"https:\/\/alboreaflamenco.com\/fr\/","logo":{"@type":"ImageObject","inLanguage":"fr-FR","@id":"https:\/\/alboreaflamenco.com\/fr\/#\/schema\/logo\/image\/","url":"https:\/\/alboreaflamenco.com\/wp-content\/uploads\/2020\/03\/logo-tablao-alborea-2020.png","contentUrl":"https:\/\/alboreaflamenco.com\/wp-content\/uploads\/2020\/03\/logo-tablao-alborea-2020.png","width":1600,"height":878,"caption":"La Albore\u00e1 Flamenco Granada"},"image":{"@id":"https:\/\/alboreaflamenco.com\/fr\/#\/schema\/logo\/image\/"},"sameAs":["https:\/\/www.facebook.com\/LaAlboreA","https:\/\/x.com\/laalborea","https:\/\/www.instagram.com\/alboreaflamenco\/"]}]}},"_links":{"self":[{"href":"https:\/\/alboreaflamenco.com\/fr\/wp-json\/wp\/v2\/pages\/21613","targetHints":{"allow":["GET"]}}],"collection":[{"href":"https:\/\/alboreaflamenco.com\/fr\/wp-json\/wp\/v2\/pages"}],"about":[{"href":"https:\/\/alboreaflamenco.com\/fr\/wp-json\/wp\/v2\/types\/page"}],"author":[{"embeddable":true,"href":"https:\/\/alboreaflamenco.com\/fr\/wp-json\/wp\/v2\/users\/8"}],"replies":[{"embeddable":true,"href":"https:\/\/alboreaflamenco.com\/fr\/wp-json\/wp\/v2\/comments?post=21613"}],"version-history":[{"count":15,"href":"https:\/\/alboreaflamenco.com\/fr\/wp-json\/wp\/v2\/pages\/21613\/revisions"}],"predecessor-version":[{"id":112093,"href":"https:\/\/alboreaflamenco.com\/fr\/wp-json\/wp\/v2\/pages\/21613\/revisions\/112093"}],"wp:attachment":[{"href":"https:\/\/alboreaflamenco.com\/fr\/wp-json\/wp\/v2\/media?parent=21613"}],"curies":[{"name":"wp","href":"https:\/\/api.w.org\/{rel}","templated":true}]}}