{"id":6103,"date":"2015-02-11T14:55:18","date_gmt":"2015-02-11T14:55:18","guid":{"rendered":"http:\/\/alboreaflamenco.com\/?page_id=6103"},"modified":"2025-07-01T11:44:33","modified_gmt":"2025-07-01T09:44:33","slug":"chant-flamenco","status":"publish","type":"page","link":"https:\/\/alboreaflamenco.com\/fr\/chant-flamenco\/","title":{"rendered":"Chant Artistes"},"content":{"rendered":"\t\t<div data-elementor-type=\"wp-page\" data-elementor-id=\"6103\" class=\"elementor elementor-6103 elementor-5990\" data-elementor-post-type=\"page\">\n\t\t\t\t\t\t<section class=\"elementor-section elementor-top-section elementor-element elementor-element-5598df87 elementor-section-boxed elementor-section-height-default elementor-section-height-default\" data-id=\"5598df87\" data-element_type=\"section\" data-settings=\"{&quot;background_background&quot;:&quot;classic&quot;}\">\n\t\t\t\t\t\t\t<div class=\"elementor-background-overlay\"><\/div>\n\t\t\t\t\t\t\t<div class=\"elementor-container elementor-column-gap-wider\">\n\t\t\t\t\t<div class=\"elementor-column elementor-col-100 elementor-top-column elementor-element elementor-element-95873a7\" data-id=\"95873a7\" data-element_type=\"column\">\n\t\t\t<div class=\"elementor-widget-wrap elementor-element-populated\">\n\t\t\t\t\t\t<div class=\"elementor-element elementor-element-1fcb832f elementor-widget elementor-widget-spacer\" data-id=\"1fcb832f\" data-element_type=\"widget\" data-widget_type=\"spacer.default\">\n\t\t\t\t<div class=\"elementor-widget-container\">\n\t\t\t\t\t\t\t<div class=\"elementor-spacer\">\n\t\t\t<div class=\"elementor-spacer-inner\"><\/div>\n\t\t<\/div>\n\t\t\t\t\t\t<\/div>\n\t\t\t\t<\/div>\n\t\t\t\t<div class=\"elementor-element elementor-element-247001d7 elementor-widget-divider--view-line elementor-widget elementor-widget-divider\" data-id=\"247001d7\" data-element_type=\"widget\" data-widget_type=\"divider.default\">\n\t\t\t\t<div class=\"elementor-widget-container\">\n\t\t\t\t\t\t\t<div class=\"elementor-divider\">\n\t\t\t<span class=\"elementor-divider-separator\">\n\t\t\t\t\t\t<\/span>\n\t\t<\/div>\n\t\t\t\t\t\t<\/div>\n\t\t\t\t<\/div>\n\t\t\t\t<div class=\"elementor-element elementor-element-369b6a85 elementor-widget elementor-widget-heading\" data-id=\"369b6a85\" data-element_type=\"widget\" data-widget_type=\"heading.default\">\n\t\t\t\t<div class=\"elementor-widget-container\">\n\t\t\t\t\t<h1 class=\"elementor-heading-title elementor-size-default\">Chanteures Flamenco Grenade<\/h1>\t\t\t\t<\/div>\n\t\t\t\t<\/div>\n\t\t\t\t<div class=\"elementor-element elementor-element-81432b3 elementor-widget elementor-widget-spacer\" data-id=\"81432b3\" data-element_type=\"widget\" data-widget_type=\"spacer.default\">\n\t\t\t\t<div class=\"elementor-widget-container\">\n\t\t\t\t\t\t\t<div class=\"elementor-spacer\">\n\t\t\t<div class=\"elementor-spacer-inner\"><\/div>\n\t\t<\/div>\n\t\t\t\t\t\t<\/div>\n\t\t\t\t<\/div>\n\t\t\t\t\t<\/div>\n\t\t<\/div>\n\t\t\t\t\t<\/div>\n\t\t<\/section>\n\t\t\t\t<section class=\"elementor-section elementor-top-section elementor-element elementor-element-209c0f8 elementor-section-boxed elementor-section-height-default elementor-section-height-default\" data-id=\"209c0f8\" data-element_type=\"section\" data-settings=\"{&quot;background_background&quot;:&quot;classic&quot;}\">\n\t\t\t\t\t\t<div class=\"elementor-container elementor-column-gap-default\">\n\t\t\t\t\t<div class=\"elementor-column elementor-col-100 elementor-top-column elementor-element elementor-element-7492fb19\" data-id=\"7492fb19\" data-element_type=\"column\">\n\t\t\t<div class=\"elementor-widget-wrap elementor-element-populated\">\n\t\t\t\t\t\t<div class=\"elementor-element elementor-element-77954104 elementor-widget elementor-widget-text-editor\" data-id=\"77954104\" data-element_type=\"widget\" data-widget_type=\"text-editor.default\">\n\t\t\t\t<div class=\"elementor-widget-container\">\n\t\t\t\t\t\t\t\t\t<p style=\"text-align: justify;\">Dans un lieu attrayant\u00a0et charmant comme \u201cle Tablao Flamenco\u201d, le chant flamenco b\u00e9n\u00e9ficie des meilleurs chanteurs de Grenade, une des villes berceau de cet art.<br \/>L&rsquo;essence du flamenco, c\u2019est le chant, sans la voix du chanteur le flamenco ne peut exister. La voie doit \u00eatre capable de faire ressentir des \u00e9motions \u00e0 travers de belles m\u00e9lodies au public. Le \u00abcantaor\u00bb (nom qu\u2019on utilise pour d\u00e9signer le chanteur dans l\u2019art du flamenco) est donc tr\u00e8s important, car il donne sa voix au groupe pour former un ensemble avec de l\u2019harmonie et surtout rempli d&rsquo;\u00e9motion.<br \/>\u00c0 l\u2019Albore\u00e1, il y a un chanteur ou une chanteuse de flamenco \u00e0 chacun de nos spectacles. Et ce sont tous des chanteurs professionnels connus et reconnus dans le monde entier.<br \/>C\u2019est ainsi que pour vous faire vivre cette culture artistique, notre \u00abtablao\u00bb vous offre un vaste r\u00e9pertoire de chanteurs et chanteuses, des plus purs et authentiques du flamenco, qu\u2019il puisse y exister, avec l\u2019unique objectif de vous faire conna\u00eetre cet art qui donne vie \u00e0 de plus en plus d\u2019 amateurs.<\/p><div class=\"column-sg\" style=\"float: left; width: 100%;\"><h3 style=\"color: #d2230e; text-align: center;\"><strong>Acheter des Billets<\/strong><\/h3><p style=\"text-align: center;\"><span style=\"background-color: #e7e7e7; padding: 5px 12px; border-radius: 3px;\"><a style=\"color: #333 !important;\" title=\"Entradas Online\" href=\"?tck=a3433af3-be30-4d3b-8b2d-b59ffd5544f0\">Acheter des Billets<\/a><\/span><\/p><\/div>\t\t\t\t\t\t\t\t<\/div>\n\t\t\t\t<\/div>\n\t\t\t\t\t<\/div>\n\t\t<\/div>\n\t\t\t\t\t<\/div>\n\t\t<\/section>\n\t\t\t\t<section class=\"elementor-section elementor-top-section elementor-element elementor-element-7e52082 elementor-section-boxed elementor-section-height-default elementor-section-height-default\" data-id=\"7e52082\" data-element_type=\"section\" data-settings=\"{&quot;background_background&quot;:&quot;classic&quot;}\">\n\t\t\t\t\t\t<div class=\"elementor-container elementor-column-gap-default\">\n\t\t\t\t\t<div class=\"elementor-column elementor-col-100 elementor-top-column elementor-element elementor-element-43c1f2b\" data-id=\"43c1f2b\" data-element_type=\"column\">\n\t\t\t<div class=\"elementor-widget-wrap elementor-element-populated\">\n\t\t\t\t\t\t<div class=\"elementor-element elementor-element-96205bb elementor-widget elementor-widget-gallery\" data-id=\"96205bb\" data-element_type=\"widget\" data-settings=\"{&quot;gallery_layout&quot;:&quot;masonry&quot;,&quot;columns&quot;:2,&quot;overlay_title&quot;:&quot;caption&quot;,&quot;lazyload&quot;:&quot;yes&quot;,&quot;columns_tablet&quot;:2,&quot;columns_mobile&quot;:1,&quot;gap&quot;:{&quot;unit&quot;:&quot;px&quot;,&quot;size&quot;:10,&quot;sizes&quot;:[]},&quot;gap_tablet&quot;:{&quot;unit&quot;:&quot;px&quot;,&quot;size&quot;:10,&quot;sizes&quot;:[]},&quot;gap_mobile&quot;:{&quot;unit&quot;:&quot;px&quot;,&quot;size&quot;:10,&quot;sizes&quot;:[]},&quot;link_to&quot;:&quot;file&quot;,&quot;overlay_background&quot;:&quot;yes&quot;,&quot;content_hover_animation&quot;:&quot;fade-in&quot;}\" data-widget_type=\"gallery.default\">\n\t\t\t\t<div class=\"elementor-widget-container\">\n\t\t\t\t\t\t\t<div class=\"elementor-gallery__container\">\n\t\t\t\t\t\t\t<a class=\"e-gallery-item elementor-gallery-item elementor-animated-content\" href=\"https:\/\/alboreaflamenco.com\/wp-content\/uploads\/2020\/03\/Alicia-Morales.jpg\" data-elementor-open-lightbox=\"yes\" data-elementor-lightbox-slideshow=\"96205bb\" data-elementor-lightbox-title=\"Alicia Morales\" data-e-action-hash=\"#elementor-action%3Aaction%3Dlightbox%26settings%3DeyJpZCI6MjI1ODQsInVybCI6Imh0dHBzOlwvXC9hbGJvcmVhZmxhbWVuY28uY29tXC93cC1jb250ZW50XC91cGxvYWRzXC8yMDIwXC8wM1wvQWxpY2lhLU1vcmFsZXMuanBnIiwic2xpZGVzaG93IjoiOTYyMDViYiJ9\">\n\t\t\t\t\t<div class=\"e-gallery-image elementor-gallery-item__image\" data-thumbnail=\"https:\/\/alboreaflamenco.com\/wp-content\/uploads\/2020\/03\/Alicia-Morales.jpg\" data-width=\"1068\" data-height=\"1600\" aria-label=\"Alicia Morales\" role=\"img\" ><\/div>\n\t\t\t\t\t\t\t\t\t\t\t<div class=\"elementor-gallery-item__overlay\"><\/div>\n\t\t\t\t\t\t\t\t\t\t\t\t\t\t\t<div class=\"elementor-gallery-item__content\">\n\t\t\t\t\t\t\t\t\t\t\t\t\t\t<div class=\"elementor-gallery-item__title\">\n\t\t\t\t\t\t\t\t\t\t\t\t\t\t\t\t\t\tALICIA MORALES\t\t\t\t\t\t\t\t<\/div>\n\t\t\t\t\t\t\t\t\t\t\t\t<\/div>\n\t\t\t\t\t\t\t\t\t<\/a>\n\t\t\t\t\t\t\t<a class=\"e-gallery-item elementor-gallery-item elementor-animated-content\" href=\"https:\/\/alboreaflamenco.com\/wp-content\/uploads\/2020\/03\/ANTONI-HEREDIA.jpg\" data-elementor-open-lightbox=\"yes\" data-elementor-lightbox-slideshow=\"96205bb\" data-elementor-lightbox-title=\"ANTONI HEREDIA\" data-e-action-hash=\"#elementor-action%3Aaction%3Dlightbox%26settings%3DeyJpZCI6MjI1ODgsInVybCI6Imh0dHBzOlwvXC9hbGJvcmVhZmxhbWVuY28uY29tXC93cC1jb250ZW50XC91cGxvYWRzXC8yMDIwXC8wM1wvQU5UT05JLUhFUkVESUEuanBnIiwic2xpZGVzaG93IjoiOTYyMDViYiJ9\">\n\t\t\t\t\t<div class=\"e-gallery-image elementor-gallery-item__image\" data-thumbnail=\"https:\/\/alboreaflamenco.com\/wp-content\/uploads\/2020\/03\/ANTONI-HEREDIA.jpg\" data-width=\"1068\" data-height=\"1600\" aria-label=\"ANTONI HEREDIA\" role=\"img\" ><\/div>\n\t\t\t\t\t\t\t\t\t\t\t<div class=\"elementor-gallery-item__overlay\"><\/div>\n\t\t\t\t\t\t\t\t\t\t\t\t\t\t\t<div class=\"elementor-gallery-item__content\">\n\t\t\t\t\t\t\t\t\t\t\t\t\t\t<div class=\"elementor-gallery-item__title\">\n\t\t\t\t\t\t\t\t\t\t\t\t\t\t\t\t\t\tANTONI HEREDIA\t\t\t\t\t\t\t\t<\/div>\n\t\t\t\t\t\t\t\t\t\t\t\t<\/div>\n\t\t\t\t\t\t\t\t\t<\/a>\n\t\t\t\t\t\t\t<a class=\"e-gallery-item elementor-gallery-item elementor-animated-content\" href=\"https:\/\/alboreaflamenco.com\/wp-content\/uploads\/2020\/03\/SERGIO-G\u00d3MEZ-EL-COLORAO.jpg\" data-elementor-open-lightbox=\"yes\" data-elementor-lightbox-slideshow=\"96205bb\" data-elementor-lightbox-title=\"SERGIO G\u00d3MEZ EL COLORAO\" data-e-action-hash=\"#elementor-action%3Aaction%3Dlightbox%26settings%3DeyJpZCI6MjI2MDQsInVybCI6Imh0dHBzOlwvXC9hbGJvcmVhZmxhbWVuY28uY29tXC93cC1jb250ZW50XC91cGxvYWRzXC8yMDIwXC8wM1wvU0VSR0lPLUdcdTAwZDNNRVotRUwtQ09MT1JBTy5qcGciLCJzbGlkZXNob3ciOiI5NjIwNWJiIn0%3D\">\n\t\t\t\t\t<div class=\"e-gallery-image elementor-gallery-item__image\" data-thumbnail=\"https:\/\/alboreaflamenco.com\/wp-content\/uploads\/2020\/03\/SERGIO-G\u00d3MEZ-EL-COLORAO.jpg\" data-width=\"1068\" data-height=\"1600\" aria-label=\"SERGIO G\u00d3MEZ EL COLORAO\" role=\"img\" ><\/div>\n\t\t\t\t\t\t\t\t\t\t\t<div class=\"elementor-gallery-item__overlay\"><\/div>\n\t\t\t\t\t\t\t\t\t\t\t\t\t\t\t<div class=\"elementor-gallery-item__content\">\n\t\t\t\t\t\t\t\t\t\t\t\t\t\t<div class=\"elementor-gallery-item__title\">\n\t\t\t\t\t\t\t\t\t\t\t\t\t\t\t\t\t\tSERGIO G\u00d3MEZ EL COLORAO\t\t\t\t\t\t\t\t<\/div>\n\t\t\t\t\t\t\t\t\t\t\t\t<\/div>\n\t\t\t\t\t\t\t\t\t<\/a>\n\t\t\t\t\t\t\t<a class=\"e-gallery-item elementor-gallery-item elementor-animated-content\" href=\"https:\/\/alboreaflamenco.com\/wp-content\/uploads\/2020\/03\/CRISTIAN-DELGADO.jpg\" data-elementor-open-lightbox=\"yes\" data-elementor-lightbox-slideshow=\"96205bb\" data-elementor-lightbox-title=\"CRISTIAN DELGADO\" data-e-action-hash=\"#elementor-action%3Aaction%3Dlightbox%26settings%3DeyJpZCI6MjI2MDgsInVybCI6Imh0dHBzOlwvXC9hbGJvcmVhZmxhbWVuY28uY29tXC93cC1jb250ZW50XC91cGxvYWRzXC8yMDIwXC8wM1wvQ1JJU1RJQU4tREVMR0FETy5qcGciLCJzbGlkZXNob3ciOiI5NjIwNWJiIn0%3D\">\n\t\t\t\t\t<div class=\"e-gallery-image elementor-gallery-item__image\" data-thumbnail=\"https:\/\/alboreaflamenco.com\/wp-content\/uploads\/2020\/03\/CRISTIAN-DELGADO.jpg\" data-width=\"1068\" data-height=\"1600\" aria-label=\"CRISTIAN DELGADO\" role=\"img\" ><\/div>\n\t\t\t\t\t\t\t\t\t\t\t<div class=\"elementor-gallery-item__overlay\"><\/div>\n\t\t\t\t\t\t\t\t\t\t\t\t\t\t\t<div class=\"elementor-gallery-item__content\">\n\t\t\t\t\t\t\t\t\t\t\t\t\t\t<div class=\"elementor-gallery-item__title\">\n\t\t\t\t\t\t\t\t\t\t\t\t\t\t\t\t\t\tCRISTIAN DELGADO\t\t\t\t\t\t\t\t<\/div>\n\t\t\t\t\t\t\t\t\t\t\t\t<\/div>\n\t\t\t\t\t\t\t\t\t<\/a>\n\t\t\t\t\t<\/div>\n\t\t\t\t\t<\/div>\n\t\t\t\t<\/div>\n\t\t\t\t\t<\/div>\n\t\t<\/div>\n\t\t\t\t\t<\/div>\n\t\t<\/section>\n\t\t\t\t<\/div>\n\t\t","protected":false},"excerpt":{"rendered":"<p>Chanteures Flamenco Grenade Dans un lieu attrayant\u00a0et charmant comme \u201cle Tablao Flamenco\u201d, le chant flamenco b\u00e9n\u00e9ficie des meilleurs chanteurs de Grenade, une des villes berceau de cet art.L&rsquo;essence du flamenco, c\u2019est le chant, sans la voix du chanteur le flamenco ne peut exister. La voie doit \u00eatre capable de faire ressentir des \u00e9motions \u00e0 travers &hellip;<\/p>\n<p class=\"read-more\"> <a class=\"ast-button\" href=\"https:\/\/alboreaflamenco.com\/fr\/chant-flamenco\/\"> <span class=\"screen-reader-text\">Chant Artistes<\/span> Lire la suite \u00bb<\/a><\/p>\n","protected":false},"author":3,"featured_media":22007,"parent":0,"menu_order":127,"comment_status":"closed","ping_status":"closed","template":"","meta":{"_joinchat":[],"footnotes":""},"class_list":["post-6103","page","type-page","status-publish","has-post-thumbnail","hentry"],"yoast_head":"<!-- This site is optimized with the Yoast SEO Premium plugin v25.1 (Yoast SEO v26.2) - https:\/\/yoast.com\/wordpress\/plugins\/seo\/ -->\n<title>Chanteurs de flamenco \u00e0 Grenade, Spagne | Artistes<\/title>\n<meta name=\"description\" content=\"Les meilleurs chanteurs de flamenco \u00e0 Grenade, Spagne, Andalousie. Rencontrez-les et acc\u00e9dez aux spectacles et aux concerts. R\u00e9servez votre billet!\" \/>\n<meta name=\"robots\" content=\"index, follow, max-snippet:-1, max-image-preview:large, max-video-preview:-1\" \/>\n<link rel=\"canonical\" href=\"https:\/\/alboreaflamenco.com\/fr\/chant-flamenco\/\" \/>\n<meta property=\"og:locale\" content=\"fr_FR\" \/>\n<meta property=\"og:type\" content=\"article\" \/>\n<meta property=\"og:title\" content=\"Chant Artistes\" \/>\n<meta property=\"og:description\" content=\"Les meilleurs chanteurs de flamenco \u00e0 Grenade, Spagne, Andalousie. Rencontrez-les et acc\u00e9dez aux spectacles et aux concerts. R\u00e9servez votre billet!\" \/>\n<meta property=\"og:url\" content=\"https:\/\/alboreaflamenco.com\/fr\/chant-flamenco\/\" \/>\n<meta property=\"og:site_name\" content=\"La Albore\u00e1\" \/>\n<meta property=\"article:publisher\" content=\"https:\/\/www.facebook.com\/LaAlboreA\" \/>\n<meta property=\"article:modified_time\" content=\"2025-07-01T09:44:33+00:00\" \/>\n<meta property=\"og:image\" content=\"https:\/\/alboreaflamenco.com\/wp-content\/uploads\/2015\/02\/Cante-Flamenco-en-Granada.jpg\" \/>\n\t<meta property=\"og:image:width\" content=\"203\" \/>\n\t<meta property=\"og:image:height\" content=\"202\" \/>\n\t<meta property=\"og:image:type\" content=\"image\/jpeg\" \/>\n<meta name=\"twitter:card\" content=\"summary_large_image\" \/>\n<meta name=\"twitter:site\" content=\"@laalborea\" \/>\n<meta name=\"twitter:label1\" content=\"Dur\u00e9e de lecture estim\u00e9e\" \/>\n\t<meta name=\"twitter:data1\" content=\"1 minute\" \/>\n<script type=\"application\/ld+json\" class=\"yoast-schema-graph\">{\"@context\":\"https:\/\/schema.org\",\"@graph\":[{\"@type\":\"WebPage\",\"@id\":\"https:\/\/alboreaflamenco.com\/fr\/chant-flamenco\/\",\"url\":\"https:\/\/alboreaflamenco.com\/fr\/chant-flamenco\/\",\"name\":\"Chanteurs de flamenco \u00e0 Grenade, Spagne | Artistes\",\"isPartOf\":{\"@id\":\"https:\/\/alboreaflamenco.com\/fr\/#website\"},\"primaryImageOfPage\":{\"@id\":\"https:\/\/alboreaflamenco.com\/fr\/chant-flamenco\/#primaryimage\"},\"image\":{\"@id\":\"https:\/\/alboreaflamenco.com\/fr\/chant-flamenco\/#primaryimage\"},\"thumbnailUrl\":\"https:\/\/alboreaflamenco.com\/wp-content\/uploads\/2015\/02\/Cante-Flamenco-en-Granada.jpg\",\"datePublished\":\"2015-02-11T14:55:18+00:00\",\"dateModified\":\"2025-07-01T09:44:33+00:00\",\"description\":\"Les meilleurs chanteurs de flamenco \u00e0 Grenade, Spagne, Andalousie. Rencontrez-les et acc\u00e9dez aux spectacles et aux concerts. R\u00e9servez votre billet!\",\"breadcrumb\":{\"@id\":\"https:\/\/alboreaflamenco.com\/fr\/chant-flamenco\/#breadcrumb\"},\"inLanguage\":\"fr-FR\",\"potentialAction\":[{\"@type\":\"ReadAction\",\"target\":[\"https:\/\/alboreaflamenco.com\/fr\/chant-flamenco\/\"]}]},{\"@type\":\"ImageObject\",\"inLanguage\":\"fr-FR\",\"@id\":\"https:\/\/alboreaflamenco.com\/fr\/chant-flamenco\/#primaryimage\",\"url\":\"https:\/\/alboreaflamenco.com\/wp-content\/uploads\/2015\/02\/Cante-Flamenco-en-Granada.jpg\",\"contentUrl\":\"https:\/\/alboreaflamenco.com\/wp-content\/uploads\/2015\/02\/Cante-Flamenco-en-Granada.jpg\",\"width\":203,\"height\":202,\"caption\":\"Cante Flamenco en Granada\"},{\"@type\":\"BreadcrumbList\",\"@id\":\"https:\/\/alboreaflamenco.com\/fr\/chant-flamenco\/#breadcrumb\",\"itemListElement\":[{\"@type\":\"ListItem\",\"position\":1,\"name\":\"Portada\",\"item\":\"https:\/\/alboreaflamenco.com\/fr\/\"},{\"@type\":\"ListItem\",\"position\":2,\"name\":\"Chant Artistes\"}]},{\"@type\":\"WebSite\",\"@id\":\"https:\/\/alboreaflamenco.com\/fr\/#website\",\"url\":\"https:\/\/alboreaflamenco.com\/fr\/\",\"name\":\"La Albore\u00e1 Flamenco Granada\",\"description\":\"Tablao Flamenco Granada\",\"publisher\":{\"@id\":\"https:\/\/alboreaflamenco.com\/fr\/#organization\"},\"alternateName\":\"Tablao Flamenco La Albore\u00e1\",\"potentialAction\":[{\"@type\":\"SearchAction\",\"target\":{\"@type\":\"EntryPoint\",\"urlTemplate\":\"https:\/\/alboreaflamenco.com\/fr\/?s={search_term_string}\"},\"query-input\":{\"@type\":\"PropertyValueSpecification\",\"valueRequired\":true,\"valueName\":\"search_term_string\"}}],\"inLanguage\":\"fr-FR\"},{\"@type\":\"Organization\",\"@id\":\"https:\/\/alboreaflamenco.com\/fr\/#organization\",\"name\":\"La Albore\u00e1 Flamenco Granada\",\"alternateName\":\"Tablao Flamenco La Albore\u00e1\",\"url\":\"https:\/\/alboreaflamenco.com\/fr\/\",\"logo\":{\"@type\":\"ImageObject\",\"inLanguage\":\"fr-FR\",\"@id\":\"https:\/\/alboreaflamenco.com\/fr\/#\/schema\/logo\/image\/\",\"url\":\"https:\/\/alboreaflamenco.com\/wp-content\/uploads\/2020\/03\/logo-tablao-alborea-2020.png\",\"contentUrl\":\"https:\/\/alboreaflamenco.com\/wp-content\/uploads\/2020\/03\/logo-tablao-alborea-2020.png\",\"width\":1600,\"height\":878,\"caption\":\"La Albore\u00e1 Flamenco Granada\"},\"image\":{\"@id\":\"https:\/\/alboreaflamenco.com\/fr\/#\/schema\/logo\/image\/\"},\"sameAs\":[\"https:\/\/www.facebook.com\/LaAlboreA\",\"https:\/\/x.com\/laalborea\",\"https:\/\/www.instagram.com\/alboreaflamenco\/\"]}]}<\/script>\n<!-- \/ Yoast SEO Premium plugin. -->","yoast_head_json":{"title":"Chanteurs de flamenco \u00e0 Grenade, Spagne | Artistes","description":"Les meilleurs chanteurs de flamenco \u00e0 Grenade, Spagne, Andalousie. Rencontrez-les et acc\u00e9dez aux spectacles et aux concerts. R\u00e9servez votre billet!","robots":{"index":"index","follow":"follow","max-snippet":"max-snippet:-1","max-image-preview":"max-image-preview:large","max-video-preview":"max-video-preview:-1"},"canonical":"https:\/\/alboreaflamenco.com\/fr\/chant-flamenco\/","og_locale":"fr_FR","og_type":"article","og_title":"Chant Artistes","og_description":"Les meilleurs chanteurs de flamenco \u00e0 Grenade, Spagne, Andalousie. Rencontrez-les et acc\u00e9dez aux spectacles et aux concerts. R\u00e9servez votre billet!","og_url":"https:\/\/alboreaflamenco.com\/fr\/chant-flamenco\/","og_site_name":"La Albore\u00e1","article_publisher":"https:\/\/www.facebook.com\/LaAlboreA","article_modified_time":"2025-07-01T09:44:33+00:00","og_image":[{"width":203,"height":202,"url":"https:\/\/alboreaflamenco.com\/wp-content\/uploads\/2015\/02\/Cante-Flamenco-en-Granada.jpg","type":"image\/jpeg"}],"twitter_card":"summary_large_image","twitter_site":"@laalborea","twitter_misc":{"Dur\u00e9e de lecture estim\u00e9e":"1 minute"},"schema":{"@context":"https:\/\/schema.org","@graph":[{"@type":"WebPage","@id":"https:\/\/alboreaflamenco.com\/fr\/chant-flamenco\/","url":"https:\/\/alboreaflamenco.com\/fr\/chant-flamenco\/","name":"Chanteurs de flamenco \u00e0 Grenade, Spagne | Artistes","isPartOf":{"@id":"https:\/\/alboreaflamenco.com\/fr\/#website"},"primaryImageOfPage":{"@id":"https:\/\/alboreaflamenco.com\/fr\/chant-flamenco\/#primaryimage"},"image":{"@id":"https:\/\/alboreaflamenco.com\/fr\/chant-flamenco\/#primaryimage"},"thumbnailUrl":"https:\/\/alboreaflamenco.com\/wp-content\/uploads\/2015\/02\/Cante-Flamenco-en-Granada.jpg","datePublished":"2015-02-11T14:55:18+00:00","dateModified":"2025-07-01T09:44:33+00:00","description":"Les meilleurs chanteurs de flamenco \u00e0 Grenade, Spagne, Andalousie. Rencontrez-les et acc\u00e9dez aux spectacles et aux concerts. R\u00e9servez votre billet!","breadcrumb":{"@id":"https:\/\/alboreaflamenco.com\/fr\/chant-flamenco\/#breadcrumb"},"inLanguage":"fr-FR","potentialAction":[{"@type":"ReadAction","target":["https:\/\/alboreaflamenco.com\/fr\/chant-flamenco\/"]}]},{"@type":"ImageObject","inLanguage":"fr-FR","@id":"https:\/\/alboreaflamenco.com\/fr\/chant-flamenco\/#primaryimage","url":"https:\/\/alboreaflamenco.com\/wp-content\/uploads\/2015\/02\/Cante-Flamenco-en-Granada.jpg","contentUrl":"https:\/\/alboreaflamenco.com\/wp-content\/uploads\/2015\/02\/Cante-Flamenco-en-Granada.jpg","width":203,"height":202,"caption":"Cante Flamenco en Granada"},{"@type":"BreadcrumbList","@id":"https:\/\/alboreaflamenco.com\/fr\/chant-flamenco\/#breadcrumb","itemListElement":[{"@type":"ListItem","position":1,"name":"Portada","item":"https:\/\/alboreaflamenco.com\/fr\/"},{"@type":"ListItem","position":2,"name":"Chant Artistes"}]},{"@type":"WebSite","@id":"https:\/\/alboreaflamenco.com\/fr\/#website","url":"https:\/\/alboreaflamenco.com\/fr\/","name":"La Albore\u00e1 Flamenco Granada","description":"Tablao Flamenco Granada","publisher":{"@id":"https:\/\/alboreaflamenco.com\/fr\/#organization"},"alternateName":"Tablao Flamenco La Albore\u00e1","potentialAction":[{"@type":"SearchAction","target":{"@type":"EntryPoint","urlTemplate":"https:\/\/alboreaflamenco.com\/fr\/?s={search_term_string}"},"query-input":{"@type":"PropertyValueSpecification","valueRequired":true,"valueName":"search_term_string"}}],"inLanguage":"fr-FR"},{"@type":"Organization","@id":"https:\/\/alboreaflamenco.com\/fr\/#organization","name":"La Albore\u00e1 Flamenco Granada","alternateName":"Tablao Flamenco La Albore\u00e1","url":"https:\/\/alboreaflamenco.com\/fr\/","logo":{"@type":"ImageObject","inLanguage":"fr-FR","@id":"https:\/\/alboreaflamenco.com\/fr\/#\/schema\/logo\/image\/","url":"https:\/\/alboreaflamenco.com\/wp-content\/uploads\/2020\/03\/logo-tablao-alborea-2020.png","contentUrl":"https:\/\/alboreaflamenco.com\/wp-content\/uploads\/2020\/03\/logo-tablao-alborea-2020.png","width":1600,"height":878,"caption":"La Albore\u00e1 Flamenco Granada"},"image":{"@id":"https:\/\/alboreaflamenco.com\/fr\/#\/schema\/logo\/image\/"},"sameAs":["https:\/\/www.facebook.com\/LaAlboreA","https:\/\/x.com\/laalborea","https:\/\/www.instagram.com\/alboreaflamenco\/"]}]}},"_links":{"self":[{"href":"https:\/\/alboreaflamenco.com\/fr\/wp-json\/wp\/v2\/pages\/6103","targetHints":{"allow":["GET"]}}],"collection":[{"href":"https:\/\/alboreaflamenco.com\/fr\/wp-json\/wp\/v2\/pages"}],"about":[{"href":"https:\/\/alboreaflamenco.com\/fr\/wp-json\/wp\/v2\/types\/page"}],"author":[{"embeddable":true,"href":"https:\/\/alboreaflamenco.com\/fr\/wp-json\/wp\/v2\/users\/3"}],"replies":[{"embeddable":true,"href":"https:\/\/alboreaflamenco.com\/fr\/wp-json\/wp\/v2\/comments?post=6103"}],"version-history":[{"count":26,"href":"https:\/\/alboreaflamenco.com\/fr\/wp-json\/wp\/v2\/pages\/6103\/revisions"}],"predecessor-version":[{"id":112111,"href":"https:\/\/alboreaflamenco.com\/fr\/wp-json\/wp\/v2\/pages\/6103\/revisions\/112111"}],"wp:featuredmedia":[{"embeddable":true,"href":"https:\/\/alboreaflamenco.com\/fr\/wp-json\/wp\/v2\/media\/22007"}],"wp:attachment":[{"href":"https:\/\/alboreaflamenco.com\/fr\/wp-json\/wp\/v2\/media?parent=6103"}],"curies":[{"name":"wp","href":"https:\/\/api.w.org\/{rel}","templated":true}]}}