{"id":7057,"date":"2015-05-22T12:38:19","date_gmt":"2015-05-22T12:38:19","guid":{"rendered":"http:\/\/alboreaflamenco.com\/?page_id=7057"},"modified":"2025-07-01T11:44:19","modified_gmt":"2025-07-01T09:44:19","slug":"guitar-flamenco","status":"publish","type":"page","link":"https:\/\/alboreaflamenco.com\/fr\/guitar-flamenco\/","title":{"rendered":"Artistes Guitare"},"content":{"rendered":"\t\t<div data-elementor-type=\"wp-page\" data-elementor-id=\"7057\" class=\"elementor elementor-7057 elementor-6090\" data-elementor-post-type=\"page\">\n\t\t\t\t\t\t<section class=\"elementor-section elementor-top-section elementor-element elementor-element-1288f174 elementor-section-boxed elementor-section-height-default elementor-section-height-default\" data-id=\"1288f174\" data-element_type=\"section\">\n\t\t\t\t\t\t<div class=\"elementor-container elementor-column-gap-default\">\n\t\t\t\t\t<div class=\"elementor-column elementor-col-100 elementor-top-column elementor-element elementor-element-7d20f456\" data-id=\"7d20f456\" data-element_type=\"column\">\n\t\t\t<div class=\"elementor-widget-wrap elementor-element-populated\">\n\t\t\t\t\t\t<div class=\"elementor-element elementor-element-47506889 elementor-widget elementor-widget-text-editor\" data-id=\"47506889\" data-element_type=\"widget\" data-widget_type=\"text-editor.default\">\n\t\t\t\t<div class=\"elementor-widget-container\">\n\t\t\t\t\t\t\t\t\t<h2 style=\"text-align: center;\"><strong>\u00a0<\/strong><span style=\"color: #d2230e;\">~\u00a0 Artistes Guitare \u00a0~<\/span><\/h2><p style=\"text-align: justify;\">Il n\u2019est pas possible de comprendre le flamenco sans l\u2019accompagnement de la guitare et son caract\u00e9ristique \u201ctoque\u201d. Il n\u2019est \u00e9galement pas possible de parler de guitare sans tenir en compte le travail du guitariste, qui joue un art centenaire qui surmonte les ann\u00e9es et perdure encore dans notre ville.<br \/>Avec les guitares, ils jouent avec leurs mains pour former les accords les plus traditionnels du flamenco. Le guitariste utilise plusieurs techniques qui font partie du \u201ctoque\u201d comme \u201cle picado\u201d, ou le \u201ctremolo\u201d en passant par \u201cle rasgueado\u201d ou \u201calzap\u00faa\u201d.<br \/>Depuis des centaines d\u2019ann\u00e9es, le guitariste joue avec ses mains pour former des accords traditionnels du flamenco. Le guitariste utilise plusieurs techniques comme \u201cle picado\u201d ou \u201cle tr\u00e9molo\u201d en passant par\u201d le rasgueado\u201d au \u201calzapua\u201d pour suivre le rythme form\u00e9 par les autres artistes.<br \/>Paco de Lucia, le plus c\u00e9l\u00e8bre guitariste flamenco a fait voyager cet art dans le monde entier. Aujourd\u2019hui beaucoup d\u2019autres guitares du Sacromonte continuent \u00e0 faire vivre cette culture comme Tomatito, Manolo Sanl\u00facar, Vicente Amigo ou Pepe Habichuela, repr\u00e9sentent le meilleur de la guitare espagnole.<br \/>Ils ont \u00e9t\u00e9 et sont un exemple pour beaucoup de guitaristes ou \u00ab tocaores \u00bb de Grenade, y compris comment pourrait-il en \u00eatre autrement, le Sacromonte, berceau du flamenco par excellence. Et \u00e0 la Albore\u00e1 nous mettons tout en place pour que vous rencontriez la passion des meilleurs d\u2019entre eux comme Rafael Fajardo, C\u00e9sar Cubero, Rub\u00e9n Campos, Jose \u2018El Pirata\u2019, Camar\u00f3n de Pitita, Kiki Corpas et occasions sp\u00e9ciales, le grand Jer\u00f3nimo Maya<\/p><div class=\"column-sg\" style=\"float: left; width: 100%;\"><h3 style=\"color: #d2230e; text-align: center;\"><strong>Acheter Billets<\/strong><\/h3><p style=\"text-align: center;\"><span style=\"background-color: #e7e7e7; padding: 5px 12px; border-radius: 3px;\"><a style=\"color: #333 !important;\" title=\"Entradas Online\" href=\"?tck=a3433af3-be30-4d3b-8b2d-b59ffd5544f0\">Acheter Billets<\/a><\/span><\/p><\/div>\t\t\t\t\t\t\t\t<\/div>\n\t\t\t\t<\/div>\n\t\t\t\t\t<\/div>\n\t\t<\/div>\n\t\t\t\t\t<\/div>\n\t\t<\/section>\n\t\t\t\t<section class=\"elementor-section elementor-top-section elementor-element elementor-element-4181baa elementor-section-boxed elementor-section-height-default elementor-section-height-default\" data-id=\"4181baa\" data-element_type=\"section\">\n\t\t\t\t\t\t<div class=\"elementor-container elementor-column-gap-default\">\n\t\t\t\t\t<div class=\"elementor-column elementor-col-100 elementor-top-column elementor-element elementor-element-8ad547e\" data-id=\"8ad547e\" data-element_type=\"column\">\n\t\t\t<div class=\"elementor-widget-wrap elementor-element-populated\">\n\t\t\t\t\t\t<div class=\"elementor-element elementor-element-fb0ebe4 elementor-widget elementor-widget-gallery\" data-id=\"fb0ebe4\" data-element_type=\"widget\" data-settings=\"{&quot;gallery_layout&quot;:&quot;masonry&quot;,&quot;columns&quot;:2,&quot;gap&quot;:{&quot;unit&quot;:&quot;px&quot;,&quot;size&quot;:12,&quot;sizes&quot;:[]},&quot;overlay_title&quot;:&quot;caption&quot;,&quot;lazyload&quot;:&quot;yes&quot;,&quot;columns_tablet&quot;:2,&quot;columns_mobile&quot;:1,&quot;gap_tablet&quot;:{&quot;unit&quot;:&quot;px&quot;,&quot;size&quot;:10,&quot;sizes&quot;:[]},&quot;gap_mobile&quot;:{&quot;unit&quot;:&quot;px&quot;,&quot;size&quot;:10,&quot;sizes&quot;:[]},&quot;link_to&quot;:&quot;file&quot;,&quot;content_hover_animation&quot;:&quot;fade-in&quot;}\" data-widget_type=\"gallery.default\">\n\t\t\t\t<div class=\"elementor-widget-container\">\n\t\t\t\t\t\t\t<div class=\"elementor-gallery__container\">\n\t\t\t\t\t\t\t<a class=\"e-gallery-item elementor-gallery-item elementor-animated-content\" href=\"https:\/\/alboreaflamenco.com\/wp-content\/uploads\/2020\/03\/ISRAEL-HEREDIA.jpg\" data-elementor-open-lightbox=\"yes\" data-elementor-lightbox-slideshow=\"fb0ebe4\" data-elementor-lightbox-title=\"ISRAEL HEREDIA\" data-e-action-hash=\"#elementor-action%3Aaction%3Dlightbox%26settings%3DeyJpZCI6MjI1NDUsInVybCI6Imh0dHBzOlwvXC9hbGJvcmVhZmxhbWVuY28uY29tXC93cC1jb250ZW50XC91cGxvYWRzXC8yMDIwXC8wM1wvSVNSQUVMLUhFUkVESUEuanBnIiwic2xpZGVzaG93IjoiZmIwZWJlNCJ9\">\n\t\t\t\t\t<div class=\"e-gallery-image elementor-gallery-item__image\" data-thumbnail=\"https:\/\/alboreaflamenco.com\/wp-content\/uploads\/2020\/03\/ISRAEL-HEREDIA.jpg\" data-width=\"1068\" data-height=\"1600\" aria-label=\"ISRAEL HEREDIA\" role=\"img\" ><\/div>\n\t\t\t\t\t\t\t\t\t\t\t\t\t\t\t<div class=\"elementor-gallery-item__content\">\n\t\t\t\t\t\t\t\t\t\t\t\t\t\t<div class=\"elementor-gallery-item__title\">\n\t\t\t\t\t\t\t\t\t\t\t\t\t\t\t\t\t\tISRAEL HEREDIA\t\t\t\t\t\t\t\t<\/div>\n\t\t\t\t\t\t\t\t\t\t\t\t<\/div>\n\t\t\t\t\t\t\t\t\t<\/a>\n\t\t\t\t\t\t\t<a class=\"e-gallery-item elementor-gallery-item elementor-animated-content\" href=\"https:\/\/alboreaflamenco.com\/wp-content\/uploads\/2020\/03\/JER\u00d3NIMO-MAYA.jpg\" data-elementor-open-lightbox=\"yes\" data-elementor-lightbox-slideshow=\"fb0ebe4\" data-elementor-lightbox-title=\"JER\u00d3NIMO MAYA\" data-e-action-hash=\"#elementor-action%3Aaction%3Dlightbox%26settings%3DeyJpZCI6MjI1NDksInVybCI6Imh0dHBzOlwvXC9hbGJvcmVhZmxhbWVuY28uY29tXC93cC1jb250ZW50XC91cGxvYWRzXC8yMDIwXC8wM1wvSkVSXHUwMGQzTklNTy1NQVlBLmpwZyIsInNsaWRlc2hvdyI6ImZiMGViZTQifQ%3D%3D\">\n\t\t\t\t\t<div class=\"e-gallery-image elementor-gallery-item__image\" data-thumbnail=\"https:\/\/alboreaflamenco.com\/wp-content\/uploads\/2020\/03\/JER\u00d3NIMO-MAYA.jpg\" data-width=\"1068\" data-height=\"1600\" aria-label=\"JER\u00d3NIMO MAYA\" role=\"img\" ><\/div>\n\t\t\t\t\t\t\t\t\t\t\t\t\t\t\t<div class=\"elementor-gallery-item__content\">\n\t\t\t\t\t\t\t\t\t\t\t\t\t\t<div class=\"elementor-gallery-item__title\">\n\t\t\t\t\t\t\t\t\t\t\t\t\t\t\t\t\t\tJER\u00d3NIMO MAYA\t\t\t\t\t\t\t\t<\/div>\n\t\t\t\t\t\t\t\t\t\t\t\t<\/div>\n\t\t\t\t\t\t\t\t\t<\/a>\n\t\t\t\t\t\t\t<a class=\"e-gallery-item elementor-gallery-item elementor-animated-content\" href=\"https:\/\/alboreaflamenco.com\/wp-content\/uploads\/2020\/03\/JORGE-EL-PISAO.jpg\" data-elementor-open-lightbox=\"yes\" data-elementor-lightbox-slideshow=\"fb0ebe4\" data-elementor-lightbox-title=\"JORGE EL PISAO\" data-e-action-hash=\"#elementor-action%3Aaction%3Dlightbox%26settings%3DeyJpZCI6MjI1NTMsInVybCI6Imh0dHBzOlwvXC9hbGJvcmVhZmxhbWVuY28uY29tXC93cC1jb250ZW50XC91cGxvYWRzXC8yMDIwXC8wM1wvSk9SR0UtRUwtUElTQU8uanBnIiwic2xpZGVzaG93IjoiZmIwZWJlNCJ9\">\n\t\t\t\t\t<div class=\"e-gallery-image elementor-gallery-item__image\" data-thumbnail=\"https:\/\/alboreaflamenco.com\/wp-content\/uploads\/2020\/03\/JORGE-EL-PISAO.jpg\" data-width=\"1068\" data-height=\"1600\" aria-label=\"JORGE EL PISAO\" role=\"img\" ><\/div>\n\t\t\t\t\t\t\t\t\t\t\t\t\t\t\t<div class=\"elementor-gallery-item__content\">\n\t\t\t\t\t\t\t\t\t\t\t\t\t\t<div class=\"elementor-gallery-item__title\">\n\t\t\t\t\t\t\t\t\t\t\t\t\t\t\t\t\t\tJORGE EL PISAO\t\t\t\t\t\t\t\t<\/div>\n\t\t\t\t\t\t\t\t\t\t\t\t<\/div>\n\t\t\t\t\t\t\t\t\t<\/a>\n\t\t\t\t\t\t\t<a class=\"e-gallery-item elementor-gallery-item elementor-animated-content\" href=\"https:\/\/alboreaflamenco.com\/wp-content\/uploads\/2020\/03\/JOS\u00c9-FERN\u00c1NDEZ.jpg\" data-elementor-open-lightbox=\"yes\" data-elementor-lightbox-slideshow=\"fb0ebe4\" data-elementor-lightbox-title=\"JOS\u00c9 FERN\u00c1NDEZ\" data-e-action-hash=\"#elementor-action%3Aaction%3Dlightbox%26settings%3DeyJpZCI6MjI1NTcsInVybCI6Imh0dHBzOlwvXC9hbGJvcmVhZmxhbWVuY28uY29tXC93cC1jb250ZW50XC91cGxvYWRzXC8yMDIwXC8wM1wvSk9TXHUwMGM5LUZFUk5cdTAwYzFOREVaLmpwZyIsInNsaWRlc2hvdyI6ImZiMGViZTQifQ%3D%3D\">\n\t\t\t\t\t<div class=\"e-gallery-image elementor-gallery-item__image\" data-thumbnail=\"https:\/\/alboreaflamenco.com\/wp-content\/uploads\/2020\/03\/JOS\u00c9-FERN\u00c1NDEZ.jpg\" data-width=\"1068\" data-height=\"1600\" aria-label=\"JOS\u00c9 FERN\u00c1NDEZ\" role=\"img\" ><\/div>\n\t\t\t\t\t\t\t\t\t\t\t\t\t\t\t<div class=\"elementor-gallery-item__content\">\n\t\t\t\t\t\t\t\t\t\t\t\t\t\t<div class=\"elementor-gallery-item__title\">\n\t\t\t\t\t\t\t\t\t\t\t\t\t\t\t\t\t\tJOS\u00c9 FERN\u00c1NDEZ\t\t\t\t\t\t\t\t<\/div>\n\t\t\t\t\t\t\t\t\t\t\t\t<\/div>\n\t\t\t\t\t\t\t\t\t<\/a>\n\t\t\t\t\t\t\t<a class=\"e-gallery-item elementor-gallery-item elementor-animated-content\" href=\"https:\/\/alboreaflamenco.com\/wp-content\/uploads\/2020\/03\/MANUEL-CARMONA.jpg\" data-elementor-open-lightbox=\"yes\" data-elementor-lightbox-slideshow=\"fb0ebe4\" data-elementor-lightbox-title=\"MANUEL CARMONA\" data-e-action-hash=\"#elementor-action%3Aaction%3Dlightbox%26settings%3DeyJpZCI6MjI1NjUsInVybCI6Imh0dHBzOlwvXC9hbGJvcmVhZmxhbWVuY28uY29tXC93cC1jb250ZW50XC91cGxvYWRzXC8yMDIwXC8wM1wvTUFOVUVMLUNBUk1PTkEuanBnIiwic2xpZGVzaG93IjoiZmIwZWJlNCJ9\">\n\t\t\t\t\t<div class=\"e-gallery-image elementor-gallery-item__image\" data-thumbnail=\"https:\/\/alboreaflamenco.com\/wp-content\/uploads\/2020\/03\/MANUEL-CARMONA.jpg\" data-width=\"1068\" data-height=\"1600\" aria-label=\"MANUEL CARMONA\" role=\"img\" ><\/div>\n\t\t\t\t\t\t\t\t\t\t\t\t\t\t\t<div class=\"elementor-gallery-item__content\">\n\t\t\t\t\t\t\t\t\t\t\t\t\t\t<div class=\"elementor-gallery-item__title\">\n\t\t\t\t\t\t\t\t\t\t\t\t\t\t\t\t\t\tMANUEL CARMONA\t\t\t\t\t\t\t\t<\/div>\n\t\t\t\t\t\t\t\t\t\t\t\t<\/div>\n\t\t\t\t\t\t\t\t\t<\/a>\n\t\t\t\t\t\t\t<a class=\"e-gallery-item elementor-gallery-item elementor-animated-content\" href=\"https:\/\/alboreaflamenco.com\/wp-content\/uploads\/2020\/03\/PEDRO-GEA-Y-LA-ROSA-BYN.jpg\" data-elementor-open-lightbox=\"yes\" data-elementor-lightbox-slideshow=\"fb0ebe4\" data-elementor-lightbox-title=\"PEDRO GEA Y LA ROSA BYN\" data-e-action-hash=\"#elementor-action%3Aaction%3Dlightbox%26settings%3DeyJpZCI6MjI1NjksInVybCI6Imh0dHBzOlwvXC9hbGJvcmVhZmxhbWVuY28uY29tXC93cC1jb250ZW50XC91cGxvYWRzXC8yMDIwXC8wM1wvUEVEUk8tR0VBLVktTEEtUk9TQS1CWU4uanBnIiwic2xpZGVzaG93IjoiZmIwZWJlNCJ9\">\n\t\t\t\t\t<div class=\"e-gallery-image elementor-gallery-item__image\" data-thumbnail=\"https:\/\/alboreaflamenco.com\/wp-content\/uploads\/2020\/03\/PEDRO-GEA-Y-LA-ROSA-BYN.jpg\" data-width=\"1068\" data-height=\"1600\" aria-label=\"PEDRO GEA Y LA ROSA BYN\" role=\"img\" ><\/div>\n\t\t\t\t\t\t\t\t\t\t\t\t\t\t\t<div class=\"elementor-gallery-item__content\">\n\t\t\t\t\t\t\t\t\t\t\t\t\t\t<div class=\"elementor-gallery-item__title\">\n\t\t\t\t\t\t\t\t\t\t\t\t\t\t\t\t\t\tPEDRO GEA Y LA ROSA BYN\t\t\t\t\t\t\t\t<\/div>\n\t\t\t\t\t\t\t\t\t\t\t\t<\/div>\n\t\t\t\t\t\t\t\t\t<\/a>\n\t\t\t\t\t\t\t<a class=\"e-gallery-item elementor-gallery-item elementor-animated-content\" href=\"https:\/\/alboreaflamenco.com\/wp-content\/uploads\/2020\/03\/RUB\u00c9N-CAMPOS.jpg\" data-elementor-open-lightbox=\"yes\" data-elementor-lightbox-slideshow=\"fb0ebe4\" data-elementor-lightbox-title=\"RUB\u00c9N CAMPOS\" data-e-action-hash=\"#elementor-action%3Aaction%3Dlightbox%26settings%3DeyJpZCI6MjI1NzcsInVybCI6Imh0dHBzOlwvXC9hbGJvcmVhZmxhbWVuY28uY29tXC93cC1jb250ZW50XC91cGxvYWRzXC8yMDIwXC8wM1wvUlVCXHUwMGM5Ti1DQU1QT1MuanBnIiwic2xpZGVzaG93IjoiZmIwZWJlNCJ9\">\n\t\t\t\t\t<div class=\"e-gallery-image elementor-gallery-item__image\" data-thumbnail=\"https:\/\/alboreaflamenco.com\/wp-content\/uploads\/2020\/03\/RUB\u00c9N-CAMPOS.jpg\" data-width=\"1000\" data-height=\"1498\" aria-label=\"RUB\u00c9N CAMPOS\" role=\"img\" ><\/div>\n\t\t\t\t\t\t\t\t\t\t\t\t\t\t\t<div class=\"elementor-gallery-item__content\">\n\t\t\t\t\t\t\t\t\t\t\t\t\t\t<div class=\"elementor-gallery-item__title\">\n\t\t\t\t\t\t\t\t\t\t\t\t\t\t\t\t\t\tRUB\u00c9N CAMPOS\t\t\t\t\t\t\t\t<\/div>\n\t\t\t\t\t\t\t\t\t\t\t\t<\/div>\n\t\t\t\t\t\t\t\t\t<\/a>\n\t\t\t\t\t<\/div>\n\t\t\t\t\t<\/div>\n\t\t\t\t<\/div>\n\t\t\t\t\t<\/div>\n\t\t<\/div>\n\t\t\t\t\t<\/div>\n\t\t<\/section>\n\t\t\t\t<\/div>\n\t\t","protected":false},"excerpt":{"rendered":"<p>\u00a0~\u00a0 Artistes Guitare \u00a0~ Il n\u2019est pas possible de comprendre le flamenco sans l\u2019accompagnement de la guitare et son caract\u00e9ristique \u201ctoque\u201d. Il n\u2019est \u00e9galement pas possible de parler de guitare sans tenir en compte le travail du guitariste, qui joue un art centenaire qui surmonte les ann\u00e9es et perdure encore dans notre ville.Avec les guitares, &hellip;<\/p>\n<p class=\"read-more\"> <a class=\"ast-button\" href=\"https:\/\/alboreaflamenco.com\/fr\/guitar-flamenco\/\"> <span class=\"screen-reader-text\">Artistes Guitare<\/span> Lire la suite \u00bb<\/a><\/p>\n","protected":false},"author":3,"featured_media":0,"parent":0,"menu_order":125,"comment_status":"closed","ping_status":"closed","template":"","meta":{"_joinchat":[],"footnotes":""},"class_list":["post-7057","page","type-page","status-publish","hentry"],"yoast_head":"<!-- This site is optimized with the Yoast SEO Premium plugin v25.1 (Yoast SEO v26.2) - https:\/\/yoast.com\/wordpress\/plugins\/seo\/ -->\n<title>Spectacles de guitare flamenco \u00e0 Grenade | Artistes<\/title>\n<meta name=\"description\" content=\"Rencontrez les artistes de nos concerts et spectacles de flamenco quotidiens \u00e0 Grenade. Professionnels du flamenco traditionnel et pur. Venez les rencontrer!\" \/>\n<meta name=\"robots\" content=\"index, follow, max-snippet:-1, max-image-preview:large, max-video-preview:-1\" \/>\n<link rel=\"canonical\" href=\"https:\/\/alboreaflamenco.com\/fr\/guitar-flamenco\/\" \/>\n<meta property=\"og:locale\" content=\"fr_FR\" \/>\n<meta property=\"og:type\" content=\"article\" \/>\n<meta property=\"og:title\" content=\"Artistes Guitare\" \/>\n<meta property=\"og:description\" content=\"Rencontrez les artistes de nos concerts et spectacles de flamenco quotidiens \u00e0 Grenade. Professionnels du flamenco traditionnel et pur. Venez les rencontrer!\" \/>\n<meta property=\"og:url\" content=\"https:\/\/alboreaflamenco.com\/fr\/guitar-flamenco\/\" \/>\n<meta property=\"og:site_name\" content=\"La Albore\u00e1\" \/>\n<meta property=\"article:publisher\" content=\"https:\/\/www.facebook.com\/LaAlboreA\" \/>\n<meta property=\"article:modified_time\" content=\"2025-07-01T09:44:19+00:00\" \/>\n<meta property=\"og:image\" content=\"https:\/\/alboreaflamenco.com\/wp-content\/uploads\/2023\/02\/palo-flamenco-la-alborea.jpg\" \/>\n\t<meta property=\"og:image:width\" content=\"1440\" \/>\n\t<meta property=\"og:image:height\" content=\"960\" \/>\n\t<meta property=\"og:image:type\" content=\"image\/jpeg\" \/>\n<meta name=\"twitter:card\" content=\"summary_large_image\" \/>\n<meta name=\"twitter:site\" content=\"@laalborea\" \/>\n<meta name=\"twitter:label1\" content=\"Dur\u00e9e de lecture estim\u00e9e\" \/>\n\t<meta name=\"twitter:data1\" content=\"2 minutes\" \/>\n<script type=\"application\/ld+json\" class=\"yoast-schema-graph\">{\"@context\":\"https:\/\/schema.org\",\"@graph\":[{\"@type\":\"WebPage\",\"@id\":\"https:\/\/alboreaflamenco.com\/fr\/guitar-flamenco\/\",\"url\":\"https:\/\/alboreaflamenco.com\/fr\/guitar-flamenco\/\",\"name\":\"Spectacles de guitare flamenco \u00e0 Grenade | Artistes\",\"isPartOf\":{\"@id\":\"https:\/\/alboreaflamenco.com\/fr\/#website\"},\"datePublished\":\"2015-05-22T12:38:19+00:00\",\"dateModified\":\"2025-07-01T09:44:19+00:00\",\"description\":\"Rencontrez les artistes de nos concerts et spectacles de flamenco quotidiens \u00e0 Grenade. Professionnels du flamenco traditionnel et pur. Venez les rencontrer!\",\"breadcrumb\":{\"@id\":\"https:\/\/alboreaflamenco.com\/fr\/guitar-flamenco\/#breadcrumb\"},\"inLanguage\":\"fr-FR\",\"potentialAction\":[{\"@type\":\"ReadAction\",\"target\":[\"https:\/\/alboreaflamenco.com\/fr\/guitar-flamenco\/\"]}]},{\"@type\":\"BreadcrumbList\",\"@id\":\"https:\/\/alboreaflamenco.com\/fr\/guitar-flamenco\/#breadcrumb\",\"itemListElement\":[{\"@type\":\"ListItem\",\"position\":1,\"name\":\"Portada\",\"item\":\"https:\/\/alboreaflamenco.com\/fr\/\"},{\"@type\":\"ListItem\",\"position\":2,\"name\":\"Artistes Guitare\"}]},{\"@type\":\"WebSite\",\"@id\":\"https:\/\/alboreaflamenco.com\/fr\/#website\",\"url\":\"https:\/\/alboreaflamenco.com\/fr\/\",\"name\":\"La Albore\u00e1 Flamenco Granada\",\"description\":\"Tablao Flamenco Granada\",\"publisher\":{\"@id\":\"https:\/\/alboreaflamenco.com\/fr\/#organization\"},\"alternateName\":\"Tablao Flamenco La Albore\u00e1\",\"potentialAction\":[{\"@type\":\"SearchAction\",\"target\":{\"@type\":\"EntryPoint\",\"urlTemplate\":\"https:\/\/alboreaflamenco.com\/fr\/?s={search_term_string}\"},\"query-input\":{\"@type\":\"PropertyValueSpecification\",\"valueRequired\":true,\"valueName\":\"search_term_string\"}}],\"inLanguage\":\"fr-FR\"},{\"@type\":\"Organization\",\"@id\":\"https:\/\/alboreaflamenco.com\/fr\/#organization\",\"name\":\"La Albore\u00e1 Flamenco Granada\",\"alternateName\":\"Tablao Flamenco La Albore\u00e1\",\"url\":\"https:\/\/alboreaflamenco.com\/fr\/\",\"logo\":{\"@type\":\"ImageObject\",\"inLanguage\":\"fr-FR\",\"@id\":\"https:\/\/alboreaflamenco.com\/fr\/#\/schema\/logo\/image\/\",\"url\":\"https:\/\/alboreaflamenco.com\/wp-content\/uploads\/2020\/03\/logo-tablao-alborea-2020.png\",\"contentUrl\":\"https:\/\/alboreaflamenco.com\/wp-content\/uploads\/2020\/03\/logo-tablao-alborea-2020.png\",\"width\":1600,\"height\":878,\"caption\":\"La Albore\u00e1 Flamenco Granada\"},\"image\":{\"@id\":\"https:\/\/alboreaflamenco.com\/fr\/#\/schema\/logo\/image\/\"},\"sameAs\":[\"https:\/\/www.facebook.com\/LaAlboreA\",\"https:\/\/x.com\/laalborea\",\"https:\/\/www.instagram.com\/alboreaflamenco\/\"]}]}<\/script>\n<!-- \/ Yoast SEO Premium plugin. -->","yoast_head_json":{"title":"Spectacles de guitare flamenco \u00e0 Grenade | Artistes","description":"Rencontrez les artistes de nos concerts et spectacles de flamenco quotidiens \u00e0 Grenade. Professionnels du flamenco traditionnel et pur. Venez les rencontrer!","robots":{"index":"index","follow":"follow","max-snippet":"max-snippet:-1","max-image-preview":"max-image-preview:large","max-video-preview":"max-video-preview:-1"},"canonical":"https:\/\/alboreaflamenco.com\/fr\/guitar-flamenco\/","og_locale":"fr_FR","og_type":"article","og_title":"Artistes Guitare","og_description":"Rencontrez les artistes de nos concerts et spectacles de flamenco quotidiens \u00e0 Grenade. Professionnels du flamenco traditionnel et pur. Venez les rencontrer!","og_url":"https:\/\/alboreaflamenco.com\/fr\/guitar-flamenco\/","og_site_name":"La Albore\u00e1","article_publisher":"https:\/\/www.facebook.com\/LaAlboreA","article_modified_time":"2025-07-01T09:44:19+00:00","og_image":[{"width":1440,"height":960,"url":"https:\/\/alboreaflamenco.com\/wp-content\/uploads\/2023\/02\/palo-flamenco-la-alborea.jpg","type":"image\/jpeg"}],"twitter_card":"summary_large_image","twitter_site":"@laalborea","twitter_misc":{"Dur\u00e9e de lecture estim\u00e9e":"2 minutes"},"schema":{"@context":"https:\/\/schema.org","@graph":[{"@type":"WebPage","@id":"https:\/\/alboreaflamenco.com\/fr\/guitar-flamenco\/","url":"https:\/\/alboreaflamenco.com\/fr\/guitar-flamenco\/","name":"Spectacles de guitare flamenco \u00e0 Grenade | Artistes","isPartOf":{"@id":"https:\/\/alboreaflamenco.com\/fr\/#website"},"datePublished":"2015-05-22T12:38:19+00:00","dateModified":"2025-07-01T09:44:19+00:00","description":"Rencontrez les artistes de nos concerts et spectacles de flamenco quotidiens \u00e0 Grenade. Professionnels du flamenco traditionnel et pur. Venez les rencontrer!","breadcrumb":{"@id":"https:\/\/alboreaflamenco.com\/fr\/guitar-flamenco\/#breadcrumb"},"inLanguage":"fr-FR","potentialAction":[{"@type":"ReadAction","target":["https:\/\/alboreaflamenco.com\/fr\/guitar-flamenco\/"]}]},{"@type":"BreadcrumbList","@id":"https:\/\/alboreaflamenco.com\/fr\/guitar-flamenco\/#breadcrumb","itemListElement":[{"@type":"ListItem","position":1,"name":"Portada","item":"https:\/\/alboreaflamenco.com\/fr\/"},{"@type":"ListItem","position":2,"name":"Artistes Guitare"}]},{"@type":"WebSite","@id":"https:\/\/alboreaflamenco.com\/fr\/#website","url":"https:\/\/alboreaflamenco.com\/fr\/","name":"La Albore\u00e1 Flamenco Granada","description":"Tablao Flamenco Granada","publisher":{"@id":"https:\/\/alboreaflamenco.com\/fr\/#organization"},"alternateName":"Tablao Flamenco La Albore\u00e1","potentialAction":[{"@type":"SearchAction","target":{"@type":"EntryPoint","urlTemplate":"https:\/\/alboreaflamenco.com\/fr\/?s={search_term_string}"},"query-input":{"@type":"PropertyValueSpecification","valueRequired":true,"valueName":"search_term_string"}}],"inLanguage":"fr-FR"},{"@type":"Organization","@id":"https:\/\/alboreaflamenco.com\/fr\/#organization","name":"La Albore\u00e1 Flamenco Granada","alternateName":"Tablao Flamenco La Albore\u00e1","url":"https:\/\/alboreaflamenco.com\/fr\/","logo":{"@type":"ImageObject","inLanguage":"fr-FR","@id":"https:\/\/alboreaflamenco.com\/fr\/#\/schema\/logo\/image\/","url":"https:\/\/alboreaflamenco.com\/wp-content\/uploads\/2020\/03\/logo-tablao-alborea-2020.png","contentUrl":"https:\/\/alboreaflamenco.com\/wp-content\/uploads\/2020\/03\/logo-tablao-alborea-2020.png","width":1600,"height":878,"caption":"La Albore\u00e1 Flamenco Granada"},"image":{"@id":"https:\/\/alboreaflamenco.com\/fr\/#\/schema\/logo\/image\/"},"sameAs":["https:\/\/www.facebook.com\/LaAlboreA","https:\/\/x.com\/laalborea","https:\/\/www.instagram.com\/alboreaflamenco\/"]}]}},"_links":{"self":[{"href":"https:\/\/alboreaflamenco.com\/fr\/wp-json\/wp\/v2\/pages\/7057","targetHints":{"allow":["GET"]}}],"collection":[{"href":"https:\/\/alboreaflamenco.com\/fr\/wp-json\/wp\/v2\/pages"}],"about":[{"href":"https:\/\/alboreaflamenco.com\/fr\/wp-json\/wp\/v2\/types\/page"}],"author":[{"embeddable":true,"href":"https:\/\/alboreaflamenco.com\/fr\/wp-json\/wp\/v2\/users\/3"}],"replies":[{"embeddable":true,"href":"https:\/\/alboreaflamenco.com\/fr\/wp-json\/wp\/v2\/comments?post=7057"}],"version-history":[{"count":21,"href":"https:\/\/alboreaflamenco.com\/fr\/wp-json\/wp\/v2\/pages\/7057\/revisions"}],"predecessor-version":[{"id":112108,"href":"https:\/\/alboreaflamenco.com\/fr\/wp-json\/wp\/v2\/pages\/7057\/revisions\/112108"}],"wp:attachment":[{"href":"https:\/\/alboreaflamenco.com\/fr\/wp-json\/wp\/v2\/media?parent=7057"}],"curies":[{"name":"wp","href":"https:\/\/api.w.org\/{rel}","templated":true}]}}